{"id":5515,"date":"2024-04-16T14:39:43","date_gmt":"2024-04-16T14:39:43","guid":{"rendered":"https:\/\/jabss.com\/index.php\/blog\/"},"modified":"2024-05-08T07:50:13","modified_gmt":"2024-05-08T07:50:13","slug":"blog","status":"publish","type":"page","link":"https:\/\/jabss.com\/ca\/blog\/","title":{"rendered":"Blog"},"content":{"rendered":"\t\t<div data-elementor-type=\"wp-page\" data-elementor-id=\"5515\" class=\"elementor elementor-5515\" data-elementor-post-type=\"page\">\n\t\t\t\t<div class=\"elementor-element elementor-element-308c4bec e-con-full e-flex qodef-elementor-content-no e-con e-parent\" data-id=\"308c4bec\" data-element_type=\"container\">\n\t\t\t\t<div class=\"elementor-element elementor-element-479aa0c elementor-cta--skin-cover elementor-animated-content elementor-widget elementor-widget-call-to-action\" data-id=\"479aa0c\" data-element_type=\"widget\" data-widget_type=\"call-to-action.default\">\n\t\t\t\t<div class=\"elementor-widget-container\">\n\t\t\t\t\t\t\t<div class=\"elementor-cta\">\n\t\t\t\t\t<div class=\"elementor-cta__bg-wrapper\">\n\t\t\t\t<div class=\"elementor-cta__bg elementor-bg\" style=\"background-image: url(https:\/\/jabss.com\/wp-content\/uploads\/2024\/04\/shutterstock_2199808667-1024x683.jpg);\" role=\"img\" aria-label=\"EL BLOG DE JABSS\"><\/div>\n\t\t\t\t<div class=\"elementor-cta__bg-overlay\"><\/div>\n\t\t\t<\/div>\n\t\t\t\t\t\t\t<div class=\"elementor-cta__content\">\n\t\t\t\t\n\t\t\t\t\t\t\t\t\t<h2 class=\"elementor-cta__title elementor-cta__content-item elementor-content-item elementor-animated-item--grow\">\n\t\t\t\t\t\tEL BLOG DE JABSS\t\t\t\t\t<\/h2>\n\t\t\t\t\n\t\t\t\t\n\t\t\t\t\t\t\t<\/div>\n\t\t\t\t\t\t<\/div>\n\t\t\t\t\t\t<\/div>\n\t\t\t\t<\/div>\n\t\t\t\t<\/div>\n\t\t<div class=\"elementor-element elementor-element-01100c5 e-flex e-con-boxed qodef-elementor-content-no e-con e-parent\" data-id=\"01100c5\" data-element_type=\"container\" data-settings=\"{&quot;background_background&quot;:&quot;classic&quot;}\">\n\t\t\t\t\t<div class=\"e-con-inner\">\n\t\t\t\t<div class=\"elementor-element elementor-element-ec33b87 elementor-widget elementor-widget-spacer\" data-id=\"ec33b87\" data-element_type=\"widget\" data-widget_type=\"spacer.default\">\n\t\t\t\t<div class=\"elementor-widget-container\">\n\t\t\t\t\t\t\t<div class=\"elementor-spacer\">\n\t\t\t<div class=\"elementor-spacer-inner\"><\/div>\n\t\t<\/div>\n\t\t\t\t\t\t<\/div>\n\t\t\t\t<\/div>\n\t\t\t\t<div class=\"elementor-element elementor-element-20f1e00 elementor-widget elementor-widget-text-editor\" data-id=\"20f1e00\" data-element_type=\"widget\" data-widget_type=\"text-editor.default\">\n\t\t\t\t<div class=\"elementor-widget-container\">\n\t\t\t\t\t\t\t\t\t<p>BENVINGUTS AL BLOG DE JABSS!<\/p>\n\t\t\t\t\t\t\t\t<\/div>\n\t\t\t\t<\/div>\n\t\t\t\t<div class=\"elementor-element elementor-element-16a4abc elementor-widget elementor-widget-text-editor\" data-id=\"16a4abc\" data-element_type=\"widget\" data-widget_type=\"text-editor.default\">\n\t\t\t\t<div class=\"elementor-widget-container\">\n\t\t\t\t\t\t\t\t\t<p>Submergeix-te en un m\u00f3n d&#8217;inspiraci\u00f3 i creativitat on el disseny es troba amb l&#8217;estil de vida. En el nostre blog, compartim les \u00faltimes tend\u00e8ncies, consells pr\u00e0ctics i projectes emocionants que t&#8217;ajudaran a transformar la teva llar en un espai \u00fanic i ple de personalitat.<\/p>\n<p>Descobreix idees innovadores per a cada rac\u00f3 de la teva llar, des de la sala d&#8217;estar fins al dormitori i la cuina. Explora com el color, la il\u00b7luminaci\u00f3, els materials i la distribuci\u00f3 poden influir en l&#8217;atmosfera i el car\u00e0cter d&#8217;un espai, i troba inspiraci\u00f3 per a crear ambients que reflecteixin el teu estil personal i les teves necessitats individuals.<\/p>\n\t\t\t\t\t\t\t\t<\/div>\n\t\t\t\t<\/div>\n\t\t\t\t<div class=\"elementor-element elementor-element-4e5d829 elementor-widget elementor-widget-spacer\" data-id=\"4e5d829\" data-element_type=\"widget\" data-widget_type=\"spacer.default\">\n\t\t\t\t<div class=\"elementor-widget-container\">\n\t\t\t\t\t\t\t<div class=\"elementor-spacer\">\n\t\t\t<div class=\"elementor-spacer-inner\"><\/div>\n\t\t<\/div>\n\t\t\t\t\t\t<\/div>\n\t\t\t\t<\/div>\n\t\t\t\t\t<\/div>\n\t\t\t\t<\/div>\n\t\t<div class=\"elementor-element elementor-element-47953ec e-flex e-con-boxed qodef-elementor-content-no e-con e-parent\" data-id=\"47953ec\" data-element_type=\"container\" data-settings=\"{&quot;background_background&quot;:&quot;classic&quot;}\">\n\t\t\t\t\t<div class=\"e-con-inner\">\n\t\t\t\t<div class=\"elementor-element elementor-element-4757719 elementor-posts--align-center elementor-grid-3 elementor-grid-tablet-2 elementor-grid-mobile-1 elementor-posts--thumbnail-top elementor-widget elementor-widget-posts\" data-id=\"4757719\" data-element_type=\"widget\" data-settings=\"{&quot;classic_row_gap&quot;:{&quot;unit&quot;:&quot;px&quot;,&quot;size&quot;:45,&quot;sizes&quot;:[]},&quot;classic_columns&quot;:&quot;3&quot;,&quot;classic_columns_tablet&quot;:&quot;2&quot;,&quot;classic_columns_mobile&quot;:&quot;1&quot;,&quot;classic_row_gap_tablet&quot;:{&quot;unit&quot;:&quot;px&quot;,&quot;size&quot;:&quot;&quot;,&quot;sizes&quot;:[]},&quot;classic_row_gap_mobile&quot;:{&quot;unit&quot;:&quot;px&quot;,&quot;size&quot;:&quot;&quot;,&quot;sizes&quot;:[]}}\" data-widget_type=\"posts.classic\">\n\t\t\t\t<div class=\"elementor-widget-container\">\n\t\t\t\t\t\t\t<div class=\"elementor-posts-container elementor-posts elementor-posts--skin-classic elementor-grid\" role=\"list\">\n\t\t\t\t<article class=\"elementor-post elementor-grid-item post-5532 post type-post status-publish format-standard has-post-thumbnail hentry category-sin-categorizar\" role=\"listitem\">\n\t\t\t\t<a class=\"elementor-post__thumbnail__link\" href=\"https:\/\/jabss.com\/ca\/com-utilitzar-el-color-en-el-disseny-dinteriors\/\" tabindex=\"-1\" target=&quot;_blank&quot;>\n\t\t\t<div class=\"elementor-post__thumbnail\"><img fetchpriority=\"high\" decoding=\"async\" width=\"768\" height=\"512\" src=\"https:\/\/jabss.com\/wp-content\/uploads\/2024\/04\/shutterstock_2133525219-768x512.jpg\" class=\"attachment-medium_large size-medium_large wp-image-4743\" alt=\"\" srcset=\"https:\/\/jabss.com\/wp-content\/uploads\/2024\/04\/shutterstock_2133525219-768x512.jpg 768w, https:\/\/jabss.com\/wp-content\/uploads\/2024\/04\/shutterstock_2133525219-300x200.jpg 300w, https:\/\/jabss.com\/wp-content\/uploads\/2024\/04\/shutterstock_2133525219.jpg 1000w\" sizes=\"(max-width: 768px) 100vw, 768px\" \/><\/div>\n\t\t<\/a>\n\t\t\t\t<div class=\"elementor-post__text\">\n\t\t\t\t<h3 class=\"elementor-post__title\">\n\t\t\t<a href=\"https:\/\/jabss.com\/ca\/com-utilitzar-el-color-en-el-disseny-dinteriors\/\" target=&quot;_blank&quot;>\n\t\t\t\tCom utilitzar el color en el disseny d&#8217;interiors\t\t\t<\/a>\n\t\t<\/h3>\n\t\t\t\t<\/div>\n\t\t\t\t<\/article>\n\t\t\t\t<article class=\"elementor-post elementor-grid-item post-5539 post type-post status-publish format-standard has-post-thumbnail hentry category-sin-categorizar\" role=\"listitem\">\n\t\t\t\t<a class=\"elementor-post__thumbnail__link\" href=\"https:\/\/jabss.com\/ca\/tendencies-en-disseny-dinteriors-aquest-2024\/\" tabindex=\"-1\" target=&quot;_blank&quot;>\n\t\t\t<div class=\"elementor-post__thumbnail\"><img decoding=\"async\" width=\"768\" height=\"512\" src=\"https:\/\/jabss.com\/wp-content\/uploads\/2024\/02\/shutterstock_1734082757-768x512.jpg\" class=\"attachment-medium_large size-medium_large wp-image-4742\" alt=\"\" srcset=\"https:\/\/jabss.com\/wp-content\/uploads\/2024\/02\/shutterstock_1734082757-768x512.jpg 768w, https:\/\/jabss.com\/wp-content\/uploads\/2024\/02\/shutterstock_1734082757-300x200.jpg 300w, https:\/\/jabss.com\/wp-content\/uploads\/2024\/02\/shutterstock_1734082757.jpg 1000w\" sizes=\"(max-width: 768px) 100vw, 768px\" \/><\/div>\n\t\t<\/a>\n\t\t\t\t<div class=\"elementor-post__text\">\n\t\t\t\t<h3 class=\"elementor-post__title\">\n\t\t\t<a href=\"https:\/\/jabss.com\/ca\/tendencies-en-disseny-dinteriors-aquest-2024\/\" target=&quot;_blank&quot;>\n\t\t\t\tTend\u00e8ncies en disseny d&#8217;interiors aquest 2024\t\t\t<\/a>\n\t\t<\/h3>\n\t\t\t\t<\/div>\n\t\t\t\t<\/article>\n\t\t\t\t<\/div>\n\t\t\n\t\t\t\t\t\t<\/div>\n\t\t\t\t<\/div>\n\t\t\t\t\t<\/div>\n\t\t\t\t<\/div>\n\t\t<div class=\"elementor-element elementor-element-cac151b e-flex e-con-boxed qodef-elementor-content-no e-con e-parent\" data-id=\"cac151b\" data-element_type=\"container\">\n\t\t\t\t\t<div class=\"e-con-inner\">\n\t\t\t\t<div class=\"elementor-element elementor-element-dbdad0d elementor-widget elementor-widget-spacer\" data-id=\"dbdad0d\" data-element_type=\"widget\" data-widget_type=\"spacer.default\">\n\t\t\t\t<div class=\"elementor-widget-container\">\n\t\t\t\t\t\t\t<div class=\"elementor-spacer\">\n\t\t\t<div class=\"elementor-spacer-inner\"><\/div>\n\t\t<\/div>\n\t\t\t\t\t\t<\/div>\n\t\t\t\t<\/div>\n\t\t\t\t\t<\/div>\n\t\t\t\t<\/div>\n\t\t\t\t<\/div>\n\t\t","protected":false},"excerpt":{"rendered":"<p>EL BLOG DE JABSS BENVINGUTS AL BLOG DE JABSS! Submergeix-te en un m\u00f3n d&#8217;inspiraci\u00f3 i creativitat on el disseny es troba amb l&#8217;estil de vida.<\/p>\n","protected":false},"author":2,"featured_media":4455,"parent":0,"menu_order":0,"comment_status":"closed","ping_status":"open","template":"","meta":{"footnotes":""},"class_list":["post-5515","page","type-page","status-publish","has-post-thumbnail","hentry"],"yoast_head":"<!-- This site is optimized with the Yoast SEO plugin v26.1 - https:\/\/yoast.com\/wordpress\/plugins\/seo\/ -->\n<title>El Blog de Jabss<\/title>\n<meta name=\"description\" content=\"Submergeix-te en un m\u00f3n d&#039;inspiraci\u00f3 i creativitat on el disseny es troba amb l&#039;estil de vida en el Blog de Jabss.\" \/>\n<meta name=\"robots\" content=\"index, follow, max-snippet:-1, max-image-preview:large, max-video-preview:-1\" \/>\n<link rel=\"canonical\" href=\"https:\/\/jabss.com\/ca\/blog\/\" \/>\n<meta property=\"og:locale\" content=\"ca_ES\" \/>\n<meta property=\"og:type\" content=\"article\" \/>\n<meta property=\"og:title\" content=\"El Blog de Jabss\" \/>\n<meta property=\"og:description\" content=\"Submergeix-te en un m\u00f3n d&#039;inspiraci\u00f3 i creativitat on el disseny es troba amb l&#039;estil de vida en el Blog de Jabss.\" \/>\n<meta property=\"og:url\" content=\"https:\/\/jabss.com\/ca\/blog\/\" \/>\n<meta property=\"og:site_name\" content=\"Jabss Interiorisme i Mobiliari\" \/>\n<meta property=\"article:publisher\" content=\"https:\/\/www.facebook.com\/jabssmobiliari\/\" \/>\n<meta property=\"article:modified_time\" content=\"2024-05-08T07:50:13+00:00\" \/>\n<meta property=\"og:image\" content=\"https:\/\/noselocuentesanadie.com\/jabss\/ca\/wp-content\/uploads\/2024\/02\/Casa-Calders-115.jpeg\" \/>\n\t<meta property=\"og:image:width\" content=\"1500\" \/>\n\t<meta property=\"og:image:height\" content=\"943\" \/>\n\t<meta property=\"og:image:type\" content=\"image\/jpeg\" \/>\n<meta name=\"twitter:card\" content=\"summary_large_image\" \/>\n<meta name=\"twitter:label1\" content=\"Temps estimat de lectura\" \/>\n\t<meta name=\"twitter:data1\" content=\"1 minut\" \/>\n<script type=\"application\/ld+json\" class=\"yoast-schema-graph\">{\"@context\":\"https:\/\/schema.org\",\"@graph\":[{\"@type\":\"WebPage\",\"@id\":\"https:\/\/jabss.com\/ca\/blog\/\",\"url\":\"https:\/\/jabss.com\/ca\/blog\/\",\"name\":\"El Blog de Jabss\",\"isPartOf\":{\"@id\":\"https:\/\/jabss.com\/ca\/#website\"},\"primaryImageOfPage\":{\"@id\":\"https:\/\/jabss.com\/ca\/blog\/#primaryimage\"},\"image\":{\"@id\":\"https:\/\/jabss.com\/ca\/blog\/#primaryimage\"},\"thumbnailUrl\":\"https:\/\/jabss.com\/wp-content\/uploads\/2024\/02\/Casa-Calders-115.jpeg\",\"datePublished\":\"2024-04-16T14:39:43+00:00\",\"dateModified\":\"2024-05-08T07:50:13+00:00\",\"description\":\"Submergeix-te en un m\u00f3n d'inspiraci\u00f3 i creativitat on el disseny es troba amb l'estil de vida en el Blog de Jabss.\",\"breadcrumb\":{\"@id\":\"https:\/\/jabss.com\/ca\/blog\/#breadcrumb\"},\"inLanguage\":\"ca\",\"potentialAction\":[{\"@type\":\"ReadAction\",\"target\":[\"https:\/\/jabss.com\/ca\/blog\/\"]}]},{\"@type\":\"ImageObject\",\"inLanguage\":\"ca\",\"@id\":\"https:\/\/jabss.com\/ca\/blog\/#primaryimage\",\"url\":\"https:\/\/jabss.com\/wp-content\/uploads\/2024\/02\/Casa-Calders-115.jpeg\",\"contentUrl\":\"https:\/\/jabss.com\/wp-content\/uploads\/2024\/02\/Casa-Calders-115.jpeg\",\"width\":1500,\"height\":943},{\"@type\":\"BreadcrumbList\",\"@id\":\"https:\/\/jabss.com\/ca\/blog\/#breadcrumb\",\"itemListElement\":[{\"@type\":\"ListItem\",\"position\":1,\"name\":\"Inicio\",\"item\":\"https:\/\/jabss.com\/ca\/\"},{\"@type\":\"ListItem\",\"position\":2,\"name\":\"Blog\"}]},{\"@type\":\"WebSite\",\"@id\":\"https:\/\/jabss.com\/ca\/#website\",\"url\":\"https:\/\/jabss.com\/ca\/\",\"name\":\"Jabss Interiorisme i Mobiliari\",\"description\":\"Muebles y Proyectos Interiorismo\",\"publisher\":{\"@id\":\"https:\/\/jabss.com\/ca\/#organization\"},\"potentialAction\":[{\"@type\":\"SearchAction\",\"target\":{\"@type\":\"EntryPoint\",\"urlTemplate\":\"https:\/\/jabss.com\/ca\/?s={search_term_string}\"},\"query-input\":{\"@type\":\"PropertyValueSpecification\",\"valueRequired\":true,\"valueName\":\"search_term_string\"}}],\"inLanguage\":\"ca\"},{\"@type\":\"Organization\",\"@id\":\"https:\/\/jabss.com\/ca\/#organization\",\"name\":\"Jabss Interiorisme i Mobiliari\",\"url\":\"https:\/\/jabss.com\/ca\/\",\"logo\":{\"@type\":\"ImageObject\",\"inLanguage\":\"ca\",\"@id\":\"https:\/\/jabss.com\/ca\/#\/schema\/logo\/image\/\",\"url\":\"https:\/\/jabss.com\/wp-content\/uploads\/2024\/07\/logo_jabss_tienda_muebles_interiorismo_manresa.jpg\",\"contentUrl\":\"https:\/\/jabss.com\/wp-content\/uploads\/2024\/07\/logo_jabss_tienda_muebles_interiorismo_manresa.jpg\",\"width\":512,\"height\":280,\"caption\":\"Jabss Interiorisme i Mobiliari\"},\"image\":{\"@id\":\"https:\/\/jabss.com\/ca\/#\/schema\/logo\/image\/\"},\"sameAs\":[\"https:\/\/www.facebook.com\/jabssmobiliari\/\"]}]}<\/script>\n<!-- \/ Yoast SEO plugin. -->","yoast_head_json":{"title":"El Blog de Jabss","description":"Submergeix-te en un m\u00f3n d'inspiraci\u00f3 i creativitat on el disseny es troba amb l'estil de vida en el Blog de Jabss.","robots":{"index":"index","follow":"follow","max-snippet":"max-snippet:-1","max-image-preview":"max-image-preview:large","max-video-preview":"max-video-preview:-1"},"canonical":"https:\/\/jabss.com\/ca\/blog\/","og_locale":"ca_ES","og_type":"article","og_title":"El Blog de Jabss","og_description":"Submergeix-te en un m\u00f3n d'inspiraci\u00f3 i creativitat on el disseny es troba amb l'estil de vida en el Blog de Jabss.","og_url":"https:\/\/jabss.com\/ca\/blog\/","og_site_name":"Jabss Interiorisme i Mobiliari","article_publisher":"https:\/\/www.facebook.com\/jabssmobiliari\/","article_modified_time":"2024-05-08T07:50:13+00:00","og_image":[{"width":1500,"height":943,"url":"https:\/\/noselocuentesanadie.com\/jabss\/ca\/wp-content\/uploads\/2024\/02\/Casa-Calders-115.jpeg","type":"image\/jpeg"}],"twitter_card":"summary_large_image","twitter_misc":{"Temps estimat de lectura":"1 minut"},"schema":{"@context":"https:\/\/schema.org","@graph":[{"@type":"WebPage","@id":"https:\/\/jabss.com\/ca\/blog\/","url":"https:\/\/jabss.com\/ca\/blog\/","name":"El Blog de Jabss","isPartOf":{"@id":"https:\/\/jabss.com\/ca\/#website"},"primaryImageOfPage":{"@id":"https:\/\/jabss.com\/ca\/blog\/#primaryimage"},"image":{"@id":"https:\/\/jabss.com\/ca\/blog\/#primaryimage"},"thumbnailUrl":"https:\/\/jabss.com\/wp-content\/uploads\/2024\/02\/Casa-Calders-115.jpeg","datePublished":"2024-04-16T14:39:43+00:00","dateModified":"2024-05-08T07:50:13+00:00","description":"Submergeix-te en un m\u00f3n d'inspiraci\u00f3 i creativitat on el disseny es troba amb l'estil de vida en el Blog de Jabss.","breadcrumb":{"@id":"https:\/\/jabss.com\/ca\/blog\/#breadcrumb"},"inLanguage":"ca","potentialAction":[{"@type":"ReadAction","target":["https:\/\/jabss.com\/ca\/blog\/"]}]},{"@type":"ImageObject","inLanguage":"ca","@id":"https:\/\/jabss.com\/ca\/blog\/#primaryimage","url":"https:\/\/jabss.com\/wp-content\/uploads\/2024\/02\/Casa-Calders-115.jpeg","contentUrl":"https:\/\/jabss.com\/wp-content\/uploads\/2024\/02\/Casa-Calders-115.jpeg","width":1500,"height":943},{"@type":"BreadcrumbList","@id":"https:\/\/jabss.com\/ca\/blog\/#breadcrumb","itemListElement":[{"@type":"ListItem","position":1,"name":"Inicio","item":"https:\/\/jabss.com\/ca\/"},{"@type":"ListItem","position":2,"name":"Blog"}]},{"@type":"WebSite","@id":"https:\/\/jabss.com\/ca\/#website","url":"https:\/\/jabss.com\/ca\/","name":"Jabss Interiorisme i Mobiliari","description":"Muebles y Proyectos Interiorismo","publisher":{"@id":"https:\/\/jabss.com\/ca\/#organization"},"potentialAction":[{"@type":"SearchAction","target":{"@type":"EntryPoint","urlTemplate":"https:\/\/jabss.com\/ca\/?s={search_term_string}"},"query-input":{"@type":"PropertyValueSpecification","valueRequired":true,"valueName":"search_term_string"}}],"inLanguage":"ca"},{"@type":"Organization","@id":"https:\/\/jabss.com\/ca\/#organization","name":"Jabss Interiorisme i Mobiliari","url":"https:\/\/jabss.com\/ca\/","logo":{"@type":"ImageObject","inLanguage":"ca","@id":"https:\/\/jabss.com\/ca\/#\/schema\/logo\/image\/","url":"https:\/\/jabss.com\/wp-content\/uploads\/2024\/07\/logo_jabss_tienda_muebles_interiorismo_manresa.jpg","contentUrl":"https:\/\/jabss.com\/wp-content\/uploads\/2024\/07\/logo_jabss_tienda_muebles_interiorismo_manresa.jpg","width":512,"height":280,"caption":"Jabss Interiorisme i Mobiliari"},"image":{"@id":"https:\/\/jabss.com\/ca\/#\/schema\/logo\/image\/"},"sameAs":["https:\/\/www.facebook.com\/jabssmobiliari\/"]}]}},"_links":{"self":[{"href":"https:\/\/jabss.com\/ca\/wp-json\/wp\/v2\/pages\/5515","targetHints":{"allow":["GET"]}}],"collection":[{"href":"https:\/\/jabss.com\/ca\/wp-json\/wp\/v2\/pages"}],"about":[{"href":"https:\/\/jabss.com\/ca\/wp-json\/wp\/v2\/types\/page"}],"author":[{"embeddable":true,"href":"https:\/\/jabss.com\/ca\/wp-json\/wp\/v2\/users\/2"}],"replies":[{"embeddable":true,"href":"https:\/\/jabss.com\/ca\/wp-json\/wp\/v2\/comments?post=5515"}],"version-history":[{"count":5,"href":"https:\/\/jabss.com\/ca\/wp-json\/wp\/v2\/pages\/5515\/revisions"}],"predecessor-version":[{"id":6198,"href":"https:\/\/jabss.com\/ca\/wp-json\/wp\/v2\/pages\/5515\/revisions\/6198"}],"wp:featuredmedia":[{"embeddable":true,"href":"https:\/\/jabss.com\/ca\/wp-json\/wp\/v2\/media\/4455"}],"wp:attachment":[{"href":"https:\/\/jabss.com\/ca\/wp-json\/wp\/v2\/media?parent=5515"}],"curies":[{"name":"wp","href":"https:\/\/api.w.org\/{rel}","templated":true}]}}