{"id":5741,"date":"2024-02-28T17:34:16","date_gmt":"2024-02-28T17:34:16","guid":{"rendered":"https:\/\/jabss.com\/index.php\/espais\/exteriors-i-jardi\/"},"modified":"2024-05-08T10:31:01","modified_gmt":"2024-05-08T10:31:01","slug":"exteriors-i-jardi","status":"publish","type":"page","link":"https:\/\/jabss.com\/ca\/espais\/exteriors-i-jardi\/","title":{"rendered":"Exteriors i jard\u00ed"},"content":{"rendered":"\t\t<div data-elementor-type=\"wp-page\" data-elementor-id=\"5741\" class=\"elementor elementor-5741\" data-elementor-post-type=\"page\">\n\t\t\t\t<div class=\"elementor-element elementor-element-308c4bec e-con-full e-flex qodef-elementor-content-no e-con e-parent\" data-id=\"308c4bec\" data-element_type=\"container\">\n\t\t\t\t<div class=\"elementor-element elementor-element-479aa0c elementor-cta--skin-cover elementor-bg-transform elementor-bg-transform-move-down elementor-cta--valign-middle elementor-animated-content elementor-widget elementor-widget-call-to-action\" data-id=\"479aa0c\" data-element_type=\"widget\" data-widget_type=\"call-to-action.default\">\n\t\t\t\t<div class=\"elementor-widget-container\">\n\t\t\t\t\t\t\t<div class=\"elementor-cta\">\n\t\t\t\t\t<div class=\"elementor-cta__bg-wrapper\">\n\t\t\t\t<div class=\"elementor-cta__bg elementor-bg\" style=\"background-image: url(https:\/\/jabss.com\/wp-content\/uploads\/2024\/04\/Captura-de-pantalla-2024-04-05-a-las-1.14.48.png);\" role=\"img\" aria-label=\"Captura de pantalla 2024-04-05 a las 1.14.48\"><\/div>\n\t\t\t\t<div class=\"elementor-cta__bg-overlay\"><\/div>\n\t\t\t<\/div>\n\t\t\t\t\t\t\t<div class=\"elementor-cta__content\">\n\t\t\t\t\n\t\t\t\t\t\t\t\t\t<h2 class=\"elementor-cta__title elementor-cta__content-item elementor-content-item elementor-animated-item--grow\">\n\t\t\t\t\t\tEXTERIORS I JARD\u00cd\t\t\t\t\t<\/h2>\n\t\t\t\t\n\t\t\t\t\n\t\t\t\t\t\t\t<\/div>\n\t\t\t\t\t\t<\/div>\n\t\t\t\t\t\t<\/div>\n\t\t\t\t<\/div>\n\t\t\t\t<\/div>\n\t\t<div class=\"elementor-element elementor-element-01100c5 e-flex e-con-boxed qodef-elementor-content-no e-con e-parent\" data-id=\"01100c5\" data-element_type=\"container\">\n\t\t\t\t\t<div class=\"e-con-inner\">\n\t\t\t\t<div class=\"elementor-element elementor-element-67123d0 elementor-widget elementor-widget-spacer\" data-id=\"67123d0\" data-element_type=\"widget\" data-widget_type=\"spacer.default\">\n\t\t\t\t<div class=\"elementor-widget-container\">\n\t\t\t\t\t\t\t<div class=\"elementor-spacer\">\n\t\t\t<div class=\"elementor-spacer-inner\"><\/div>\n\t\t<\/div>\n\t\t\t\t\t\t<\/div>\n\t\t\t\t<\/div>\n\t\t\t\t<div class=\"elementor-element elementor-element-5c9e5f1 elementor-widget elementor-widget-heading\" data-id=\"5c9e5f1\" data-element_type=\"widget\" data-widget_type=\"heading.default\">\n\t\t\t\t<div class=\"elementor-widget-container\">\n\t\t\t\t\t<h2 class=\"elementor-heading-title elementor-size-default\">EXTERIORS I JARD\u00cd<\/h2>\t\t\t\t<\/div>\n\t\t\t\t<\/div>\n\t\t\t\t<div class=\"elementor-element elementor-element-3f3e349 elementor-widget elementor-widget-heading\" data-id=\"3f3e349\" data-element_type=\"widget\" data-widget_type=\"heading.default\">\n\t\t\t\t<div class=\"elementor-widget-container\">\n\t\t\t\t\t<h2 class=\"elementor-heading-title elementor-size-default\">GAUDEIX DE L'AIRE LLIURE EN LA TEVA LLAR<\/h2>\t\t\t\t<\/div>\n\t\t\t\t<\/div>\n\t\t\t\t<div class=\"elementor-element elementor-element-452093e elementor-widget elementor-widget-text-editor\" data-id=\"452093e\" data-element_type=\"widget\" data-widget_type=\"text-editor.default\">\n\t\t\t\t<div class=\"elementor-widget-container\">\n\t\t\t\t\t\t\t\t\t<div class=\"row module\">\n<div class=\"col-sm-9 col-md-8 col-xs-12\">\n<div class=\"block-text\">\n<p>Aqu\u00ed \u00e9s on la naturalesa es troba amb el disseny per a crear espais a l&#8217;aire lliure espectaculars. <\/p>\n<\/div>\n<\/div>\n<\/div>\n<div class=\"row module\">\n<div class=\"col-sm-6 col-xs-12 margin-xs-50\">Descobreix la nostra selecci\u00f3 de mobles d&#8217;exterior, decoracions per a jard\u00ed i accessoris per a terrasses que transformaran el teu espai a l&#8217;aire lliure en un oasi de tranquil\u00b7litat i estil. Des de mobles c\u00f2modes i elegants fins a elements decoratius que afegeixen un toc d&#8217;encant, la nostra \u00e0mplia gamma de productes t&#8217;ajudar\u00e0 a crear el jard\u00ed o la terrassa dels teus somnis. <\/div>\n<\/div>\n\t\t\t\t\t\t\t\t<\/div>\n\t\t\t\t<\/div>\n\t\t\t\t<div class=\"elementor-element elementor-element-4e5d829 elementor-widget elementor-widget-spacer\" data-id=\"4e5d829\" data-element_type=\"widget\" data-widget_type=\"spacer.default\">\n\t\t\t\t<div class=\"elementor-widget-container\">\n\t\t\t\t\t\t\t<div class=\"elementor-spacer\">\n\t\t\t<div class=\"elementor-spacer-inner\"><\/div>\n\t\t<\/div>\n\t\t\t\t\t\t<\/div>\n\t\t\t\t<\/div>\n\t\t\t\t<div class=\"elementor-element elementor-element-e2ac021 elementor-widget elementor-widget-html\" data-id=\"e2ac021\" data-element_type=\"widget\" data-widget_type=\"html.default\">\n\t\t\t\t<div class=\"elementor-widget-container\">\n\t\t\t\t\t<iframe id=\"shrFrm\" src=\"#\" style=\"width: 100%; margin: 0; border: none; overflow: hidden;\"><\/iframe>\n<script src=\"https:\/\/vsr.architonic.com\/assets\/js\/shared\/jquery.responsiveiframe.js\"><\/script>\n<script type=\"text\/javascript\">jQuery(document).ready(function(){ var regex=new RegExp('[?&]shrPrm=([^&#]*)'); var res=regex.exec(window.location.href); var shrPrm=(res!=null?decodeURIComponent(res[1]):''); if(''!=shrPrm) document.getElementById('shrFrm').src='https:\/\/vsr.architonic.com\/'+shrPrm; else document.getElementById('shrFrm').src='https:\/\/vsr.architonic.com\/es\/8202414\/products\/2\/3210002\/1?usage=3271001&productgroup=&manufacturer=&designer='; });(function(e){e(function(){e('#shrFrm').responsiveIframe()})})(jQuery);<\/script>\n\n\t\t\t\t<\/div>\n\t\t\t\t<\/div>\n\t\t\t\t\t<\/div>\n\t\t\t\t<\/div>\n\t\t<div class=\"elementor-element elementor-element-d1f30ca e-flex e-con-boxed qodef-elementor-content-no e-con e-parent\" data-id=\"d1f30ca\" data-element_type=\"container\">\n\t\t\t\t\t<div class=\"e-con-inner\">\n\t\t\t\t<div class=\"elementor-element elementor-element-fac8eb7 elementor-widget elementor-widget-spacer\" data-id=\"fac8eb7\" data-element_type=\"widget\" data-widget_type=\"spacer.default\">\n\t\t\t\t<div class=\"elementor-widget-container\">\n\t\t\t\t\t\t\t<div class=\"elementor-spacer\">\n\t\t\t<div class=\"elementor-spacer-inner\"><\/div>\n\t\t<\/div>\n\t\t\t\t\t\t<\/div>\n\t\t\t\t<\/div>\n\t\t\t\t\t<\/div>\n\t\t\t\t<\/div>\n\t\t\t\t<\/div>\n\t\t","protected":false},"excerpt":{"rendered":"<p>EXTERIORS I JARD\u00cd EXTERIORS I JARD\u00cd GAUDEIX DE L&#8217;AIRE LLIURE EN LA TEVA LLAR Aqu\u00ed \u00e9s on la naturalesa es troba amb el disseny per a crear espais a l&#8217;aire lliure espectaculars. Descobreix la nostra selecci\u00f3 de mobles d&#8217;exterior, decoracions per a jard\u00ed i accessoris per a terrasses que transformaran el teu espai a l&#8217;aire [&hellip;]<\/p>\n","protected":false},"author":2,"featured_media":4454,"parent":5556,"menu_order":0,"comment_status":"closed","ping_status":"closed","template":"","meta":{"footnotes":""},"class_list":["post-5741","page","type-page","status-publish","has-post-thumbnail","hentry"],"yoast_head":"<!-- This site is optimized with the Yoast SEO plugin v26.1 - https:\/\/yoast.com\/wordpress\/plugins\/seo\/ -->\n<title>Exteriors i jard\u00ed - Jabss Interiorisme i Mobiliari<\/title>\n<meta name=\"description\" content=\"Gaudeix de l&#039;aire lliure en la teva llar gr\u00e0cies als exteriors i jard\u00ed, on la naturalesa es troba amb el disseny\" \/>\n<meta name=\"robots\" content=\"index, follow, max-snippet:-1, max-image-preview:large, max-video-preview:-1\" \/>\n<link rel=\"canonical\" href=\"https:\/\/jabss.com\/ca\/espais\/exteriors-i-jardi\/\" \/>\n<meta property=\"og:locale\" content=\"ca_ES\" \/>\n<meta property=\"og:type\" content=\"article\" \/>\n<meta property=\"og:title\" content=\"Exteriors i jard\u00ed - Jabss Interiorisme i Mobiliari\" \/>\n<meta property=\"og:description\" content=\"Gaudeix de l&#039;aire lliure en la teva llar gr\u00e0cies als exteriors i jard\u00ed, on la naturalesa es troba amb el disseny\" \/>\n<meta property=\"og:url\" content=\"https:\/\/jabss.com\/ca\/espais\/exteriors-i-jardi\/\" \/>\n<meta property=\"og:site_name\" content=\"Jabss Interiorisme i Mobiliari\" \/>\n<meta property=\"article:publisher\" content=\"https:\/\/www.facebook.com\/jabssmobiliari\/\" \/>\n<meta property=\"article:modified_time\" content=\"2024-05-08T10:31:01+00:00\" \/>\n<meta property=\"og:image\" content=\"https:\/\/noselocuentesanadie.com\/jabss\/ca\/wp-content\/uploads\/2024\/02\/007-1719x1080-1.jpeg\" \/>\n\t<meta property=\"og:image:width\" content=\"1719\" \/>\n\t<meta property=\"og:image:height\" content=\"1080\" \/>\n\t<meta property=\"og:image:type\" content=\"image\/jpeg\" \/>\n<meta name=\"twitter:card\" content=\"summary_large_image\" \/>\n<script type=\"application\/ld+json\" class=\"yoast-schema-graph\">{\"@context\":\"https:\/\/schema.org\",\"@graph\":[{\"@type\":\"WebPage\",\"@id\":\"https:\/\/jabss.com\/ca\/espais\/exteriors-i-jardi\/\",\"url\":\"https:\/\/jabss.com\/ca\/espais\/exteriors-i-jardi\/\",\"name\":\"Exteriors i jard\u00ed - Jabss Interiorisme i Mobiliari\",\"isPartOf\":{\"@id\":\"https:\/\/jabss.com\/ca\/#website\"},\"primaryImageOfPage\":{\"@id\":\"https:\/\/jabss.com\/ca\/espais\/exteriors-i-jardi\/#primaryimage\"},\"image\":{\"@id\":\"https:\/\/jabss.com\/ca\/espais\/exteriors-i-jardi\/#primaryimage\"},\"thumbnailUrl\":\"https:\/\/jabss.com\/wp-content\/uploads\/2024\/02\/007-1719x1080-1.jpeg\",\"datePublished\":\"2024-02-28T17:34:16+00:00\",\"dateModified\":\"2024-05-08T10:31:01+00:00\",\"description\":\"Gaudeix de l'aire lliure en la teva llar gr\u00e0cies als exteriors i jard\u00ed, on la naturalesa es troba amb el disseny\",\"breadcrumb\":{\"@id\":\"https:\/\/jabss.com\/ca\/espais\/exteriors-i-jardi\/#breadcrumb\"},\"inLanguage\":\"ca\",\"potentialAction\":[{\"@type\":\"ReadAction\",\"target\":[\"https:\/\/jabss.com\/ca\/espais\/exteriors-i-jardi\/\"]}]},{\"@type\":\"ImageObject\",\"inLanguage\":\"ca\",\"@id\":\"https:\/\/jabss.com\/ca\/espais\/exteriors-i-jardi\/#primaryimage\",\"url\":\"https:\/\/jabss.com\/wp-content\/uploads\/2024\/02\/007-1719x1080-1.jpeg\",\"contentUrl\":\"https:\/\/jabss.com\/wp-content\/uploads\/2024\/02\/007-1719x1080-1.jpeg\",\"width\":1719,\"height\":1080},{\"@type\":\"BreadcrumbList\",\"@id\":\"https:\/\/jabss.com\/ca\/espais\/exteriors-i-jardi\/#breadcrumb\",\"itemListElement\":[{\"@type\":\"ListItem\",\"position\":1,\"name\":\"Inicio\",\"item\":\"https:\/\/jabss.com\/ca\/\"},{\"@type\":\"ListItem\",\"position\":2,\"name\":\"Espais\",\"item\":\"https:\/\/jabss.com\/ca\/espais\/\"},{\"@type\":\"ListItem\",\"position\":3,\"name\":\"Exteriors i jard\u00ed\"}]},{\"@type\":\"WebSite\",\"@id\":\"https:\/\/jabss.com\/ca\/#website\",\"url\":\"https:\/\/jabss.com\/ca\/\",\"name\":\"Jabss Interiorisme i Mobiliari\",\"description\":\"Muebles y Proyectos Interiorismo\",\"publisher\":{\"@id\":\"https:\/\/jabss.com\/ca\/#organization\"},\"potentialAction\":[{\"@type\":\"SearchAction\",\"target\":{\"@type\":\"EntryPoint\",\"urlTemplate\":\"https:\/\/jabss.com\/ca\/?s={search_term_string}\"},\"query-input\":{\"@type\":\"PropertyValueSpecification\",\"valueRequired\":true,\"valueName\":\"search_term_string\"}}],\"inLanguage\":\"ca\"},{\"@type\":\"Organization\",\"@id\":\"https:\/\/jabss.com\/ca\/#organization\",\"name\":\"Jabss Interiorisme i Mobiliari\",\"url\":\"https:\/\/jabss.com\/ca\/\",\"logo\":{\"@type\":\"ImageObject\",\"inLanguage\":\"ca\",\"@id\":\"https:\/\/jabss.com\/ca\/#\/schema\/logo\/image\/\",\"url\":\"https:\/\/jabss.com\/wp-content\/uploads\/2024\/07\/logo_jabss_tienda_muebles_interiorismo_manresa.jpg\",\"contentUrl\":\"https:\/\/jabss.com\/wp-content\/uploads\/2024\/07\/logo_jabss_tienda_muebles_interiorismo_manresa.jpg\",\"width\":512,\"height\":280,\"caption\":\"Jabss Interiorisme i Mobiliari\"},\"image\":{\"@id\":\"https:\/\/jabss.com\/ca\/#\/schema\/logo\/image\/\"},\"sameAs\":[\"https:\/\/www.facebook.com\/jabssmobiliari\/\"]}]}<\/script>\n<!-- \/ Yoast SEO plugin. -->","yoast_head_json":{"title":"Exteriors i jard\u00ed - Jabss Interiorisme i Mobiliari","description":"Gaudeix de l'aire lliure en la teva llar gr\u00e0cies als exteriors i jard\u00ed, on la naturalesa es troba amb el disseny","robots":{"index":"index","follow":"follow","max-snippet":"max-snippet:-1","max-image-preview":"max-image-preview:large","max-video-preview":"max-video-preview:-1"},"canonical":"https:\/\/jabss.com\/ca\/espais\/exteriors-i-jardi\/","og_locale":"ca_ES","og_type":"article","og_title":"Exteriors i jard\u00ed - Jabss Interiorisme i Mobiliari","og_description":"Gaudeix de l'aire lliure en la teva llar gr\u00e0cies als exteriors i jard\u00ed, on la naturalesa es troba amb el disseny","og_url":"https:\/\/jabss.com\/ca\/espais\/exteriors-i-jardi\/","og_site_name":"Jabss Interiorisme i Mobiliari","article_publisher":"https:\/\/www.facebook.com\/jabssmobiliari\/","article_modified_time":"2024-05-08T10:31:01+00:00","og_image":[{"width":1719,"height":1080,"url":"https:\/\/noselocuentesanadie.com\/jabss\/ca\/wp-content\/uploads\/2024\/02\/007-1719x1080-1.jpeg","type":"image\/jpeg"}],"twitter_card":"summary_large_image","schema":{"@context":"https:\/\/schema.org","@graph":[{"@type":"WebPage","@id":"https:\/\/jabss.com\/ca\/espais\/exteriors-i-jardi\/","url":"https:\/\/jabss.com\/ca\/espais\/exteriors-i-jardi\/","name":"Exteriors i jard\u00ed - Jabss Interiorisme i Mobiliari","isPartOf":{"@id":"https:\/\/jabss.com\/ca\/#website"},"primaryImageOfPage":{"@id":"https:\/\/jabss.com\/ca\/espais\/exteriors-i-jardi\/#primaryimage"},"image":{"@id":"https:\/\/jabss.com\/ca\/espais\/exteriors-i-jardi\/#primaryimage"},"thumbnailUrl":"https:\/\/jabss.com\/wp-content\/uploads\/2024\/02\/007-1719x1080-1.jpeg","datePublished":"2024-02-28T17:34:16+00:00","dateModified":"2024-05-08T10:31:01+00:00","description":"Gaudeix de l'aire lliure en la teva llar gr\u00e0cies als exteriors i jard\u00ed, on la naturalesa es troba amb el disseny","breadcrumb":{"@id":"https:\/\/jabss.com\/ca\/espais\/exteriors-i-jardi\/#breadcrumb"},"inLanguage":"ca","potentialAction":[{"@type":"ReadAction","target":["https:\/\/jabss.com\/ca\/espais\/exteriors-i-jardi\/"]}]},{"@type":"ImageObject","inLanguage":"ca","@id":"https:\/\/jabss.com\/ca\/espais\/exteriors-i-jardi\/#primaryimage","url":"https:\/\/jabss.com\/wp-content\/uploads\/2024\/02\/007-1719x1080-1.jpeg","contentUrl":"https:\/\/jabss.com\/wp-content\/uploads\/2024\/02\/007-1719x1080-1.jpeg","width":1719,"height":1080},{"@type":"BreadcrumbList","@id":"https:\/\/jabss.com\/ca\/espais\/exteriors-i-jardi\/#breadcrumb","itemListElement":[{"@type":"ListItem","position":1,"name":"Inicio","item":"https:\/\/jabss.com\/ca\/"},{"@type":"ListItem","position":2,"name":"Espais","item":"https:\/\/jabss.com\/ca\/espais\/"},{"@type":"ListItem","position":3,"name":"Exteriors i jard\u00ed"}]},{"@type":"WebSite","@id":"https:\/\/jabss.com\/ca\/#website","url":"https:\/\/jabss.com\/ca\/","name":"Jabss Interiorisme i Mobiliari","description":"Muebles y Proyectos Interiorismo","publisher":{"@id":"https:\/\/jabss.com\/ca\/#organization"},"potentialAction":[{"@type":"SearchAction","target":{"@type":"EntryPoint","urlTemplate":"https:\/\/jabss.com\/ca\/?s={search_term_string}"},"query-input":{"@type":"PropertyValueSpecification","valueRequired":true,"valueName":"search_term_string"}}],"inLanguage":"ca"},{"@type":"Organization","@id":"https:\/\/jabss.com\/ca\/#organization","name":"Jabss Interiorisme i Mobiliari","url":"https:\/\/jabss.com\/ca\/","logo":{"@type":"ImageObject","inLanguage":"ca","@id":"https:\/\/jabss.com\/ca\/#\/schema\/logo\/image\/","url":"https:\/\/jabss.com\/wp-content\/uploads\/2024\/07\/logo_jabss_tienda_muebles_interiorismo_manresa.jpg","contentUrl":"https:\/\/jabss.com\/wp-content\/uploads\/2024\/07\/logo_jabss_tienda_muebles_interiorismo_manresa.jpg","width":512,"height":280,"caption":"Jabss Interiorisme i Mobiliari"},"image":{"@id":"https:\/\/jabss.com\/ca\/#\/schema\/logo\/image\/"},"sameAs":["https:\/\/www.facebook.com\/jabssmobiliari\/"]}]}},"_links":{"self":[{"href":"https:\/\/jabss.com\/ca\/wp-json\/wp\/v2\/pages\/5741","targetHints":{"allow":["GET"]}}],"collection":[{"href":"https:\/\/jabss.com\/ca\/wp-json\/wp\/v2\/pages"}],"about":[{"href":"https:\/\/jabss.com\/ca\/wp-json\/wp\/v2\/types\/page"}],"author":[{"embeddable":true,"href":"https:\/\/jabss.com\/ca\/wp-json\/wp\/v2\/users\/2"}],"replies":[{"embeddable":true,"href":"https:\/\/jabss.com\/ca\/wp-json\/wp\/v2\/comments?post=5741"}],"version-history":[{"count":2,"href":"https:\/\/jabss.com\/ca\/wp-json\/wp\/v2\/pages\/5741\/revisions"}],"predecessor-version":[{"id":6218,"href":"https:\/\/jabss.com\/ca\/wp-json\/wp\/v2\/pages\/5741\/revisions\/6218"}],"up":[{"embeddable":true,"href":"https:\/\/jabss.com\/ca\/wp-json\/wp\/v2\/pages\/5556"}],"wp:featuredmedia":[{"embeddable":true,"href":"https:\/\/jabss.com\/ca\/wp-json\/wp\/v2\/media\/4454"}],"wp:attachment":[{"href":"https:\/\/jabss.com\/ca\/wp-json\/wp\/v2\/media?parent=5741"}],"curies":[{"name":"wp","href":"https:\/\/api.w.org\/{rel}","templated":true}]}}