{"id":5751,"date":"2024-04-04T23:25:17","date_gmt":"2024-04-04T23:25:17","guid":{"rendered":"https:\/\/jabss.com\/index.php\/espais\/complements\/"},"modified":"2024-05-31T08:34:16","modified_gmt":"2024-05-31T08:34:16","slug":"complements","status":"publish","type":"page","link":"https:\/\/jabss.com\/ca\/espais\/complements\/","title":{"rendered":"Complements"},"content":{"rendered":"\t\t<div data-elementor-type=\"wp-page\" data-elementor-id=\"5751\" class=\"elementor elementor-5751\" data-elementor-post-type=\"page\">\n\t\t\t\t<div class=\"elementor-element elementor-element-308c4bec e-con-full e-flex qodef-elementor-content-no e-con e-parent\" data-id=\"308c4bec\" data-element_type=\"container\">\n\t\t\t\t<div class=\"elementor-element elementor-element-479aa0c elementor-cta--skin-cover elementor-bg-transform elementor-bg-transform-move-down elementor-animated-content elementor-widget elementor-widget-call-to-action\" data-id=\"479aa0c\" data-element_type=\"widget\" data-widget_type=\"call-to-action.default\">\n\t\t\t\t<div class=\"elementor-widget-container\">\n\t\t\t\t\t\t\t<div class=\"elementor-cta\">\n\t\t\t\t\t<div class=\"elementor-cta__bg-wrapper\">\n\t\t\t\t<div class=\"elementor-cta__bg elementor-bg\" style=\"background-image: url(https:\/\/jabss.com\/wp-content\/uploads\/2024\/03\/CATTELAN-MAPOON.jpg);\" role=\"img\" aria-label=\"CATTELAN MAPOON\"><\/div>\n\t\t\t\t<div class=\"elementor-cta__bg-overlay\"><\/div>\n\t\t\t<\/div>\n\t\t\t\t\t\t\t<div class=\"elementor-cta__content\">\n\t\t\t\t\n\t\t\t\t\t\t\t\t\t<h2 class=\"elementor-cta__title elementor-cta__content-item elementor-content-item elementor-animated-item--grow\">\n\t\t\t\t\t\tCOMPLEMENTS\t\t\t\t\t<\/h2>\n\t\t\t\t\n\t\t\t\t\n\t\t\t\t\t\t\t<\/div>\n\t\t\t\t\t\t<\/div>\n\t\t\t\t\t\t<\/div>\n\t\t\t\t<\/div>\n\t\t\t\t<\/div>\n\t\t<div class=\"elementor-element elementor-element-01100c5 e-flex e-con-boxed qodef-elementor-content-no e-con e-parent\" data-id=\"01100c5\" data-element_type=\"container\">\n\t\t\t\t\t<div class=\"e-con-inner\">\n\t\t\t\t<div class=\"elementor-element elementor-element-67123d0 elementor-widget elementor-widget-spacer\" data-id=\"67123d0\" data-element_type=\"widget\" data-widget_type=\"spacer.default\">\n\t\t\t\t<div class=\"elementor-widget-container\">\n\t\t\t\t\t\t\t<div class=\"elementor-spacer\">\n\t\t\t<div class=\"elementor-spacer-inner\"><\/div>\n\t\t<\/div>\n\t\t\t\t\t\t<\/div>\n\t\t\t\t<\/div>\n\t\t\t\t<div class=\"elementor-element elementor-element-5c9e5f1 elementor-widget elementor-widget-heading\" data-id=\"5c9e5f1\" data-element_type=\"widget\" data-widget_type=\"heading.default\">\n\t\t\t\t<div class=\"elementor-widget-container\">\n\t\t\t\t\t<h2 class=\"elementor-heading-title elementor-size-default\">COMPLEMENTS<\/h2>\t\t\t\t<\/div>\n\t\t\t\t<\/div>\n\t\t\t\t<div class=\"elementor-element elementor-element-3f3e349 elementor-widget elementor-widget-heading\" data-id=\"3f3e349\" data-element_type=\"widget\" data-widget_type=\"heading.default\">\n\t\t\t\t<div class=\"elementor-widget-container\">\n\t\t\t\t\t<h2 class=\"elementor-heading-title elementor-size-default\">ELS DETALLS PERFECTES PER A LA TEVA LLAR<\/h2>\t\t\t\t<\/div>\n\t\t\t\t<\/div>\n\t\t\t\t<div class=\"elementor-element elementor-element-452093e elementor-widget elementor-widget-text-editor\" data-id=\"452093e\" data-element_type=\"widget\" data-widget_type=\"text-editor.default\">\n\t\t\t\t<div class=\"elementor-widget-container\">\n\t\t\t\t\t\t\t\t\t<div class=\"row module\">\n<div class=\"col-sm-9 col-md-8 col-xs-12\">\n<div class=\"block-text\">\n<p>Explora la nostra col\u00b7lecci\u00f3 exclusiva de complements de decoraci\u00f3 per a donar vida a la teva llar i donar-li el toc final perfecte a cada rac\u00f3. <\/p>\n<p>Des d&#8217;elegants coixins i mantes, fins a miralls i accessoris decoratius, amb la nostra \u00e0mplia selecci\u00f3 de marques podr\u00e0s convertir amb el teu estil i personalitat tots els espais de la teva llar. <\/p>\n<\/div>\n<\/div>\n<\/div>\n\t\t\t\t\t\t\t\t<\/div>\n\t\t\t\t<\/div>\n\t\t\t\t<div class=\"elementor-element elementor-element-4e5d829 elementor-widget elementor-widget-spacer\" data-id=\"4e5d829\" data-element_type=\"widget\" data-widget_type=\"spacer.default\">\n\t\t\t\t<div class=\"elementor-widget-container\">\n\t\t\t\t\t\t\t<div class=\"elementor-spacer\">\n\t\t\t<div class=\"elementor-spacer-inner\"><\/div>\n\t\t<\/div>\n\t\t\t\t\t\t<\/div>\n\t\t\t\t<\/div>\n\t\t\t\t\t<\/div>\n\t\t\t\t<\/div>\n\t\t<div class=\"elementor-element elementor-element-4d6824d e-flex e-con-boxed qodef-elementor-content-no e-con e-parent\" data-id=\"4d6824d\" data-element_type=\"container\">\n\t\t\t\t\t<div class=\"e-con-inner\">\n\t\t<div class=\"elementor-element elementor-element-da20f8c e-con-full e-flex qodef-elementor-content-no e-con e-child\" data-id=\"da20f8c\" data-element_type=\"container\">\n\t\t\t\t<div class=\"elementor-element elementor-element-9decd21 elementor-cta--valign-middle elementor-cta--layout-image-above elementor-cta--skin-classic elementor-animated-content elementor-widget elementor-widget-call-to-action\" data-id=\"9decd21\" data-element_type=\"widget\" data-widget_type=\"call-to-action.default\">\n\t\t\t\t<div class=\"elementor-widget-container\">\n\t\t\t\t\t\t\t<a class=\"elementor-cta\" href=\"https:\/\/jabss.com\/ca\/espais\/complements\/catifes\/\">\n\t\t\t\t\t<div class=\"elementor-cta__bg-wrapper\">\n\t\t\t\t<div class=\"elementor-cta__bg elementor-bg\" style=\"background-image: url(https:\/\/jabss.com\/wp-content\/uploads\/2024\/04\/LAGO-phos-carpet-220211-pro-b-arcit18.jpeg);\" role=\"img\" aria-label=\"LAGO phos-carpet-220211-pro-b-arcit18\"><\/div>\n\t\t\t\t<div class=\"elementor-cta__bg-overlay\"><\/div>\n\t\t\t<\/div>\n\t\t\t\t\t\t\t<div class=\"elementor-cta__content\">\n\t\t\t\t\n\t\t\t\t\t\t\t\t\t<h3 class=\"elementor-cta__title elementor-cta__content-item elementor-content-item\">\n\t\t\t\t\t\tCATIFES\t\t\t\t\t<\/h3>\n\t\t\t\t\n\t\t\t\t\n\t\t\t\t\t\t\t<\/div>\n\t\t\t\t\t\t<\/a>\n\t\t\t\t\t\t<\/div>\n\t\t\t\t<\/div>\n\t\t\t\t<\/div>\n\t\t<div class=\"elementor-element elementor-element-124a66a e-con-full e-flex qodef-elementor-content-no e-con e-child\" data-id=\"124a66a\" data-element_type=\"container\">\n\t\t\t\t<div class=\"elementor-element elementor-element-73f68ff elementor-cta--valign-middle elementor-cta--layout-image-above elementor-cta--skin-classic elementor-animated-content elementor-widget elementor-widget-call-to-action\" data-id=\"73f68ff\" data-element_type=\"widget\" data-widget_type=\"call-to-action.default\">\n\t\t\t\t<div class=\"elementor-widget-container\">\n\t\t\t\t\t\t\t<a class=\"elementor-cta\" href=\"https:\/\/jabss.com\/ca\/espais\/complements\/miralls\/\">\n\t\t\t\t\t<div class=\"elementor-cta__bg-wrapper\">\n\t\t\t\t<div class=\"elementor-cta__bg elementor-bg\" style=\"background-image: url(https:\/\/jabss.com\/wp-content\/uploads\/2024\/04\/PORADA-gong-fam-g-arcit18-scaled.jpeg);\" role=\"img\" aria-label=\"PORADA gong--fam-g-arcit18\"><\/div>\n\t\t\t\t<div class=\"elementor-cta__bg-overlay\"><\/div>\n\t\t\t<\/div>\n\t\t\t\t\t\t\t<div class=\"elementor-cta__content\">\n\t\t\t\t\n\t\t\t\t\t\t\t\t\t<h3 class=\"elementor-cta__title elementor-cta__content-item elementor-content-item\">\n\t\t\t\t\t\tMIRALLS\t\t\t\t\t<\/h3>\n\t\t\t\t\n\t\t\t\t\n\t\t\t\t\t\t\t<\/div>\n\t\t\t\t\t\t<\/a>\n\t\t\t\t\t\t<\/div>\n\t\t\t\t<\/div>\n\t\t\t\t<\/div>\n\t\t<div class=\"elementor-element elementor-element-e7f67f0 e-con-full e-flex qodef-elementor-content-no e-con e-child\" data-id=\"e7f67f0\" data-element_type=\"container\">\n\t\t\t\t<div class=\"elementor-element elementor-element-b6f91c4 elementor-cta--valign-middle elementor-cta--layout-image-above elementor-cta--skin-classic elementor-animated-content elementor-widget elementor-widget-call-to-action\" data-id=\"b6f91c4\" data-element_type=\"widget\" data-widget_type=\"call-to-action.default\">\n\t\t\t\t<div class=\"elementor-widget-container\">\n\t\t\t\t\t\t\t<a class=\"elementor-cta\" href=\"https:\/\/jabss.com\/ca\/espais\/complements\/penjadors\/\">\n\t\t\t\t\t<div class=\"elementor-cta__bg-wrapper\">\n\t\t\t\t<div class=\"elementor-cta__bg elementor-bg\" style=\"background-image: url(https:\/\/jabss.com\/wp-content\/uploads\/2024\/04\/PORADA-flamingo-h.jpeg);\" role=\"img\" aria-label=\"PORADA flamingo-h\"><\/div>\n\t\t\t\t<div class=\"elementor-cta__bg-overlay\"><\/div>\n\t\t\t<\/div>\n\t\t\t\t\t\t\t<div class=\"elementor-cta__content\">\n\t\t\t\t\n\t\t\t\t\t\t\t\t\t<h3 class=\"elementor-cta__title elementor-cta__content-item elementor-content-item\">\n\t\t\t\t\t\tPENJADORS\t\t\t\t\t<\/h3>\n\t\t\t\t\n\t\t\t\t\n\t\t\t\t\t\t\t<\/div>\n\t\t\t\t\t\t<\/a>\n\t\t\t\t\t\t<\/div>\n\t\t\t\t<\/div>\n\t\t\t\t<\/div>\n\t\t<div class=\"elementor-element elementor-element-01bf50a e-con-full e-flex qodef-elementor-content-no e-con e-child\" data-id=\"01bf50a\" data-element_type=\"container\">\n\t\t\t\t<div class=\"elementor-element elementor-element-0577d16 elementor-cta--valign-middle elementor-cta--layout-image-above elementor-cta--skin-classic elementor-animated-content elementor-widget elementor-widget-call-to-action\" data-id=\"0577d16\" data-element_type=\"widget\" data-widget_type=\"call-to-action.default\">\n\t\t\t\t<div class=\"elementor-widget-container\">\n\t\t\t\t\t\t\t<a class=\"elementor-cta\" href=\"https:\/\/jabss.com\/ca\/espais\/complements\/rebedors\/\">\n\t\t\t\t\t<div class=\"elementor-cta__bg-wrapper\">\n\t\t\t\t<div class=\"elementor-cta__bg elementor-bg\" style=\"background-image: url(https:\/\/jabss.com\/wp-content\/uploads\/2024\/04\/LAGO-CONSOLE-AIR-JABSS-scaled.jpeg);\" role=\"img\" aria-label=\"LAGO CONSOLE AIR JABSS\"><\/div>\n\t\t\t\t<div class=\"elementor-cta__bg-overlay\"><\/div>\n\t\t\t<\/div>\n\t\t\t\t\t\t\t<div class=\"elementor-cta__content\">\n\t\t\t\t\n\t\t\t\t\t\t\t\t\t<h3 class=\"elementor-cta__title elementor-cta__content-item elementor-content-item\">\n\t\t\t\t\t\tREBEDORS\t\t\t\t\t<\/h3>\n\t\t\t\t\n\t\t\t\t\n\t\t\t\t\t\t\t<\/div>\n\t\t\t\t\t\t<\/a>\n\t\t\t\t\t\t<\/div>\n\t\t\t\t<\/div>\n\t\t\t\t<\/div>\n\t\t<div class=\"elementor-element elementor-element-71b60ce e-con-full e-flex qodef-elementor-content-no e-con e-child\" data-id=\"71b60ce\" data-element_type=\"container\">\n\t\t\t\t<div class=\"elementor-element elementor-element-b7c8538 elementor-cta--valign-middle elementor-cta--layout-image-above elementor-cta--skin-classic elementor-animated-content elementor-widget elementor-widget-call-to-action\" data-id=\"b7c8538\" data-element_type=\"widget\" data-widget_type=\"call-to-action.default\">\n\t\t\t\t<div class=\"elementor-widget-container\">\n\t\t\t\t\t\t\t<a class=\"elementor-cta\" href=\"https:\/\/jabss.com\/ca\/espais\/complements\/separadors\/\">\n\t\t\t\t\t<div class=\"elementor-cta__bg-wrapper\">\n\t\t\t\t<div class=\"elementor-cta__bg elementor-bg\" style=\"background-image: url(https:\/\/jabss.com\/wp-content\/uploads\/2024\/04\/PORADA-hilton-hilton3-ambient-1-fam-g-arcit18.jpeg);\" role=\"img\" aria-label=\"PORADA hilton-hilton3-ambient-1-fam-g-arcit18\"><\/div>\n\t\t\t\t<div class=\"elementor-cta__bg-overlay\"><\/div>\n\t\t\t<\/div>\n\t\t\t\t\t\t\t<div class=\"elementor-cta__content\">\n\t\t\t\t\n\t\t\t\t\t\t\t\t\t<h3 class=\"elementor-cta__title elementor-cta__content-item elementor-content-item\">\n\t\t\t\t\t\tSEPARADORS\t\t\t\t\t<\/h3>\n\t\t\t\t\n\t\t\t\t\n\t\t\t\t\t\t\t<\/div>\n\t\t\t\t\t\t<\/a>\n\t\t\t\t\t\t<\/div>\n\t\t\t\t<\/div>\n\t\t\t\t<\/div>\n\t\t\t\t\t<\/div>\n\t\t\t\t<\/div>\n\t\t<div class=\"elementor-element elementor-element-ff21d92 e-flex e-con-boxed qodef-elementor-content-no e-con e-parent\" data-id=\"ff21d92\" data-element_type=\"container\">\n\t\t\t\t\t<div class=\"e-con-inner\">\n\t\t\t\t<div class=\"elementor-element elementor-element-14cc3ad elementor-widget elementor-widget-spacer\" data-id=\"14cc3ad\" data-element_type=\"widget\" data-widget_type=\"spacer.default\">\n\t\t\t\t<div class=\"elementor-widget-container\">\n\t\t\t\t\t\t\t<div class=\"elementor-spacer\">\n\t\t\t<div class=\"elementor-spacer-inner\"><\/div>\n\t\t<\/div>\n\t\t\t\t\t\t<\/div>\n\t\t\t\t<\/div>\n\t\t\t\t<div class=\"elementor-element elementor-element-19c62fe elementor-widget elementor-widget-heading\" data-id=\"19c62fe\" data-element_type=\"widget\" data-widget_type=\"heading.default\">\n\t\t\t\t<div class=\"elementor-widget-container\">\n\t\t\t\t\t<h2 class=\"elementor-heading-title elementor-size-default\">ALTRES COMPLEMENTS<\/h2>\t\t\t\t<\/div>\n\t\t\t\t<\/div>\n\t\t\t\t<div class=\"elementor-element elementor-element-1d7cf54 elementor-widget elementor-widget-html\" data-id=\"1d7cf54\" data-element_type=\"widget\" data-widget_type=\"html.default\">\n\t\t\t\t<div class=\"elementor-widget-container\">\n\t\t\t\t\t<iframe id=\"shrFrm\" src=\"#\" style=\"width: 100%; margin: 0; border: none; overflow: hidden;\"><\/iframe>\n<script src=\"https:\/\/vsr.architonic.com\/assets\/js\/shared\/jquery.responsiveiframe.js\"><\/script>\n<script type=\"text\/javascript\">jQuery(document).ready(function(){ var regex=new RegExp('[?&]shrPrm=([^&#]*)'); var res=regex.exec(window.location.href); var shrPrm=(res!=null?decodeURIComponent(res[1]):''); if(''!=shrPrm) document.getElementById('shrFrm').src='https:\/\/vsr.architonic.com\/'+shrPrm; else document.getElementById('shrFrm').src='https:\/\/vsr.architonic.com\/es\/8202414\/products\/2\/3210014\/1'; });(function(e){e(function(){e('#shrFrm').responsiveIframe()})})(jQuery);<\/script>\n\n\t\t\t\t<\/div>\n\t\t\t\t<\/div>\n\t\t\t\t<div class=\"elementor-element elementor-element-d04d4d7 elementor-widget elementor-widget-spacer\" data-id=\"d04d4d7\" data-element_type=\"widget\" data-widget_type=\"spacer.default\">\n\t\t\t\t<div class=\"elementor-widget-container\">\n\t\t\t\t\t\t\t<div class=\"elementor-spacer\">\n\t\t\t<div class=\"elementor-spacer-inner\"><\/div>\n\t\t<\/div>\n\t\t\t\t\t\t<\/div>\n\t\t\t\t<\/div>\n\t\t\t\t\t<\/div>\n\t\t\t\t<\/div>\n\t\t<div class=\"elementor-element elementor-element-d1f30ca e-flex e-con-boxed qodef-elementor-content-no e-con e-parent\" data-id=\"d1f30ca\" data-element_type=\"container\">\n\t\t\t\t\t<div class=\"e-con-inner\">\n\t\t\t\t<div class=\"elementor-element elementor-element-fac8eb7 elementor-widget elementor-widget-spacer\" data-id=\"fac8eb7\" data-element_type=\"widget\" data-widget_type=\"spacer.default\">\n\t\t\t\t<div class=\"elementor-widget-container\">\n\t\t\t\t\t\t\t<div class=\"elementor-spacer\">\n\t\t\t<div class=\"elementor-spacer-inner\"><\/div>\n\t\t<\/div>\n\t\t\t\t\t\t<\/div>\n\t\t\t\t<\/div>\n\t\t\t\t\t<\/div>\n\t\t\t\t<\/div>\n\t\t\t\t<\/div>\n\t\t","protected":false},"excerpt":{"rendered":"<p>COMPLEMENTS COMPLEMENTS ELS DETALLS PERFECTES PER A LA TEVA LLAR Explora la nostra col\u00b7lecci\u00f3 exclusiva de complements de decoraci\u00f3 per a donar vida a la teva llar i donar-li el toc final perfecte a cada rac\u00f3. Des d&#8217;elegants coixins i mantes, fins a miralls i accessoris decoratius, amb la nostra \u00e0mplia selecci\u00f3 de marques podr\u00e0s [&hellip;]<\/p>\n","protected":false},"author":2,"featured_media":4489,"parent":5556,"menu_order":0,"comment_status":"closed","ping_status":"closed","template":"","meta":{"footnotes":""},"class_list":["post-5751","page","type-page","status-publish","has-post-thumbnail","hentry"],"yoast_head":"<!-- This site is optimized with the Yoast SEO plugin v26.1 - https:\/\/yoast.com\/wordpress\/plugins\/seo\/ -->\n<title>Complements - Jabss Interiorisme i Mobiliari<\/title>\n<meta name=\"description\" content=\"Descobreix tots els detalls perfectes per a la teva llar. Explora la nostra col\u00b7lecci\u00f3 exclusiva de complements de decoraci\u00f3 i dona vida a la teva llar\" \/>\n<meta name=\"robots\" content=\"index, follow, max-snippet:-1, max-image-preview:large, max-video-preview:-1\" \/>\n<link rel=\"canonical\" href=\"https:\/\/jabss.com\/ca\/espais\/complements\/\" \/>\n<meta property=\"og:locale\" content=\"ca_ES\" \/>\n<meta property=\"og:type\" content=\"article\" \/>\n<meta property=\"og:title\" content=\"Complements - Jabss Interiorisme i Mobiliari\" \/>\n<meta property=\"og:description\" content=\"Descobreix tots els detalls perfectes per a la teva llar. Explora la nostra col\u00b7lecci\u00f3 exclusiva de complements de decoraci\u00f3 i dona vida a la teva llar\" \/>\n<meta property=\"og:url\" content=\"https:\/\/jabss.com\/ca\/espais\/complements\/\" \/>\n<meta property=\"og:site_name\" content=\"Jabss Interiorisme i Mobiliari\" \/>\n<meta property=\"article:publisher\" content=\"https:\/\/www.facebook.com\/jabssmobiliari\/\" \/>\n<meta property=\"article:modified_time\" content=\"2024-05-31T08:34:16+00:00\" \/>\n<meta property=\"og:image\" content=\"https:\/\/jabss.com\/wp-content\/uploads\/2024\/03\/CATTELAN-MAPOON.jpg\" \/>\n\t<meta property=\"og:image:width\" content=\"1920\" \/>\n\t<meta property=\"og:image:height\" content=\"937\" \/>\n\t<meta property=\"og:image:type\" content=\"image\/jpeg\" \/>\n<meta name=\"twitter:card\" content=\"summary_large_image\" \/>\n<meta name=\"twitter:label1\" content=\"Temps estimat de lectura\" \/>\n\t<meta name=\"twitter:data1\" content=\"1 minut\" \/>\n<script type=\"application\/ld+json\" class=\"yoast-schema-graph\">{\"@context\":\"https:\/\/schema.org\",\"@graph\":[{\"@type\":\"WebPage\",\"@id\":\"https:\/\/jabss.com\/ca\/espais\/complements\/\",\"url\":\"https:\/\/jabss.com\/ca\/espais\/complements\/\",\"name\":\"Complements - Jabss Interiorisme i Mobiliari\",\"isPartOf\":{\"@id\":\"https:\/\/jabss.com\/ca\/#website\"},\"primaryImageOfPage\":{\"@id\":\"https:\/\/jabss.com\/ca\/espais\/complements\/#primaryimage\"},\"image\":{\"@id\":\"https:\/\/jabss.com\/ca\/espais\/complements\/#primaryimage\"},\"thumbnailUrl\":\"https:\/\/jabss.com\/wp-content\/uploads\/2024\/03\/CATTELAN-MAPOON.jpg\",\"datePublished\":\"2024-04-04T23:25:17+00:00\",\"dateModified\":\"2024-05-31T08:34:16+00:00\",\"description\":\"Descobreix tots els detalls perfectes per a la teva llar. Explora la nostra col\u00b7lecci\u00f3 exclusiva de complements de decoraci\u00f3 i dona vida a la teva llar\",\"breadcrumb\":{\"@id\":\"https:\/\/jabss.com\/ca\/espais\/complements\/#breadcrumb\"},\"inLanguage\":\"ca\",\"potentialAction\":[{\"@type\":\"ReadAction\",\"target\":[\"https:\/\/jabss.com\/ca\/espais\/complements\/\"]}]},{\"@type\":\"ImageObject\",\"inLanguage\":\"ca\",\"@id\":\"https:\/\/jabss.com\/ca\/espais\/complements\/#primaryimage\",\"url\":\"https:\/\/jabss.com\/wp-content\/uploads\/2024\/03\/CATTELAN-MAPOON.jpg\",\"contentUrl\":\"https:\/\/jabss.com\/wp-content\/uploads\/2024\/03\/CATTELAN-MAPOON.jpg\",\"width\":1920,\"height\":937},{\"@type\":\"BreadcrumbList\",\"@id\":\"https:\/\/jabss.com\/ca\/espais\/complements\/#breadcrumb\",\"itemListElement\":[{\"@type\":\"ListItem\",\"position\":1,\"name\":\"Inicio\",\"item\":\"https:\/\/jabss.com\/ca\/\"},{\"@type\":\"ListItem\",\"position\":2,\"name\":\"Espais\",\"item\":\"https:\/\/jabss.com\/ca\/espais\/\"},{\"@type\":\"ListItem\",\"position\":3,\"name\":\"Complements\"}]},{\"@type\":\"WebSite\",\"@id\":\"https:\/\/jabss.com\/ca\/#website\",\"url\":\"https:\/\/jabss.com\/ca\/\",\"name\":\"Jabss Interiorisme i Mobiliari\",\"description\":\"Muebles y Proyectos Interiorismo\",\"publisher\":{\"@id\":\"https:\/\/jabss.com\/ca\/#organization\"},\"potentialAction\":[{\"@type\":\"SearchAction\",\"target\":{\"@type\":\"EntryPoint\",\"urlTemplate\":\"https:\/\/jabss.com\/ca\/?s={search_term_string}\"},\"query-input\":{\"@type\":\"PropertyValueSpecification\",\"valueRequired\":true,\"valueName\":\"search_term_string\"}}],\"inLanguage\":\"ca\"},{\"@type\":\"Organization\",\"@id\":\"https:\/\/jabss.com\/ca\/#organization\",\"name\":\"Jabss Interiorisme i Mobiliari\",\"url\":\"https:\/\/jabss.com\/ca\/\",\"logo\":{\"@type\":\"ImageObject\",\"inLanguage\":\"ca\",\"@id\":\"https:\/\/jabss.com\/ca\/#\/schema\/logo\/image\/\",\"url\":\"https:\/\/jabss.com\/wp-content\/uploads\/2024\/07\/logo_jabss_tienda_muebles_interiorismo_manresa.jpg\",\"contentUrl\":\"https:\/\/jabss.com\/wp-content\/uploads\/2024\/07\/logo_jabss_tienda_muebles_interiorismo_manresa.jpg\",\"width\":512,\"height\":280,\"caption\":\"Jabss Interiorisme i Mobiliari\"},\"image\":{\"@id\":\"https:\/\/jabss.com\/ca\/#\/schema\/logo\/image\/\"},\"sameAs\":[\"https:\/\/www.facebook.com\/jabssmobiliari\/\"]}]}<\/script>\n<!-- \/ Yoast SEO plugin. -->","yoast_head_json":{"title":"Complements - Jabss Interiorisme i Mobiliari","description":"Descobreix tots els detalls perfectes per a la teva llar. Explora la nostra col\u00b7lecci\u00f3 exclusiva de complements de decoraci\u00f3 i dona vida a la teva llar","robots":{"index":"index","follow":"follow","max-snippet":"max-snippet:-1","max-image-preview":"max-image-preview:large","max-video-preview":"max-video-preview:-1"},"canonical":"https:\/\/jabss.com\/ca\/espais\/complements\/","og_locale":"ca_ES","og_type":"article","og_title":"Complements - Jabss Interiorisme i Mobiliari","og_description":"Descobreix tots els detalls perfectes per a la teva llar. Explora la nostra col\u00b7lecci\u00f3 exclusiva de complements de decoraci\u00f3 i dona vida a la teva llar","og_url":"https:\/\/jabss.com\/ca\/espais\/complements\/","og_site_name":"Jabss Interiorisme i Mobiliari","article_publisher":"https:\/\/www.facebook.com\/jabssmobiliari\/","article_modified_time":"2024-05-31T08:34:16+00:00","og_image":[{"width":1920,"height":937,"url":"https:\/\/jabss.com\/wp-content\/uploads\/2024\/03\/CATTELAN-MAPOON.jpg","type":"image\/jpeg"}],"twitter_card":"summary_large_image","twitter_misc":{"Temps estimat de lectura":"1 minut"},"schema":{"@context":"https:\/\/schema.org","@graph":[{"@type":"WebPage","@id":"https:\/\/jabss.com\/ca\/espais\/complements\/","url":"https:\/\/jabss.com\/ca\/espais\/complements\/","name":"Complements - Jabss Interiorisme i Mobiliari","isPartOf":{"@id":"https:\/\/jabss.com\/ca\/#website"},"primaryImageOfPage":{"@id":"https:\/\/jabss.com\/ca\/espais\/complements\/#primaryimage"},"image":{"@id":"https:\/\/jabss.com\/ca\/espais\/complements\/#primaryimage"},"thumbnailUrl":"https:\/\/jabss.com\/wp-content\/uploads\/2024\/03\/CATTELAN-MAPOON.jpg","datePublished":"2024-04-04T23:25:17+00:00","dateModified":"2024-05-31T08:34:16+00:00","description":"Descobreix tots els detalls perfectes per a la teva llar. Explora la nostra col\u00b7lecci\u00f3 exclusiva de complements de decoraci\u00f3 i dona vida a la teva llar","breadcrumb":{"@id":"https:\/\/jabss.com\/ca\/espais\/complements\/#breadcrumb"},"inLanguage":"ca","potentialAction":[{"@type":"ReadAction","target":["https:\/\/jabss.com\/ca\/espais\/complements\/"]}]},{"@type":"ImageObject","inLanguage":"ca","@id":"https:\/\/jabss.com\/ca\/espais\/complements\/#primaryimage","url":"https:\/\/jabss.com\/wp-content\/uploads\/2024\/03\/CATTELAN-MAPOON.jpg","contentUrl":"https:\/\/jabss.com\/wp-content\/uploads\/2024\/03\/CATTELAN-MAPOON.jpg","width":1920,"height":937},{"@type":"BreadcrumbList","@id":"https:\/\/jabss.com\/ca\/espais\/complements\/#breadcrumb","itemListElement":[{"@type":"ListItem","position":1,"name":"Inicio","item":"https:\/\/jabss.com\/ca\/"},{"@type":"ListItem","position":2,"name":"Espais","item":"https:\/\/jabss.com\/ca\/espais\/"},{"@type":"ListItem","position":3,"name":"Complements"}]},{"@type":"WebSite","@id":"https:\/\/jabss.com\/ca\/#website","url":"https:\/\/jabss.com\/ca\/","name":"Jabss Interiorisme i Mobiliari","description":"Muebles y Proyectos Interiorismo","publisher":{"@id":"https:\/\/jabss.com\/ca\/#organization"},"potentialAction":[{"@type":"SearchAction","target":{"@type":"EntryPoint","urlTemplate":"https:\/\/jabss.com\/ca\/?s={search_term_string}"},"query-input":{"@type":"PropertyValueSpecification","valueRequired":true,"valueName":"search_term_string"}}],"inLanguage":"ca"},{"@type":"Organization","@id":"https:\/\/jabss.com\/ca\/#organization","name":"Jabss Interiorisme i Mobiliari","url":"https:\/\/jabss.com\/ca\/","logo":{"@type":"ImageObject","inLanguage":"ca","@id":"https:\/\/jabss.com\/ca\/#\/schema\/logo\/image\/","url":"https:\/\/jabss.com\/wp-content\/uploads\/2024\/07\/logo_jabss_tienda_muebles_interiorismo_manresa.jpg","contentUrl":"https:\/\/jabss.com\/wp-content\/uploads\/2024\/07\/logo_jabss_tienda_muebles_interiorismo_manresa.jpg","width":512,"height":280,"caption":"Jabss Interiorisme i Mobiliari"},"image":{"@id":"https:\/\/jabss.com\/ca\/#\/schema\/logo\/image\/"},"sameAs":["https:\/\/www.facebook.com\/jabssmobiliari\/"]}]}},"_links":{"self":[{"href":"https:\/\/jabss.com\/ca\/wp-json\/wp\/v2\/pages\/5751","targetHints":{"allow":["GET"]}}],"collection":[{"href":"https:\/\/jabss.com\/ca\/wp-json\/wp\/v2\/pages"}],"about":[{"href":"https:\/\/jabss.com\/ca\/wp-json\/wp\/v2\/types\/page"}],"author":[{"embeddable":true,"href":"https:\/\/jabss.com\/ca\/wp-json\/wp\/v2\/users\/2"}],"replies":[{"embeddable":true,"href":"https:\/\/jabss.com\/ca\/wp-json\/wp\/v2\/comments?post=5751"}],"version-history":[{"count":8,"href":"https:\/\/jabss.com\/ca\/wp-json\/wp\/v2\/pages\/5751\/revisions"}],"predecessor-version":[{"id":9091,"href":"https:\/\/jabss.com\/ca\/wp-json\/wp\/v2\/pages\/5751\/revisions\/9091"}],"up":[{"embeddable":true,"href":"https:\/\/jabss.com\/ca\/wp-json\/wp\/v2\/pages\/5556"}],"wp:featuredmedia":[{"embeddable":true,"href":"https:\/\/jabss.com\/ca\/wp-json\/wp\/v2\/media\/4489"}],"wp:attachment":[{"href":"https:\/\/jabss.com\/ca\/wp-json\/wp\/v2\/media?parent=5751"}],"curies":[{"name":"wp","href":"https:\/\/api.w.org\/{rel}","templated":true}]}}