{"id":6195,"date":"2024-05-07T08:33:56","date_gmt":"2024-05-07T08:33:56","guid":{"rendered":"https:\/\/jabss.com\/avis-legal\/"},"modified":"2024-06-27T10:42:41","modified_gmt":"2024-06-27T10:42:41","slug":"avis-legal","status":"publish","type":"page","link":"https:\/\/jabss.com\/ca\/avis-legal\/","title":{"rendered":"Av\u00eds Legal"},"content":{"rendered":"\t\t<div data-elementor-type=\"wp-page\" data-elementor-id=\"6195\" class=\"elementor elementor-6195\" data-elementor-post-type=\"page\">\n\t\t\t\t<div class=\"elementor-element elementor-element-01100c5 e-flex e-con-boxed qodef-elementor-content-no e-con e-parent\" data-id=\"01100c5\" data-element_type=\"container\" data-settings=\"{&quot;background_background&quot;:&quot;classic&quot;}\">\n\t\t\t\t\t<div class=\"e-con-inner\">\n\t\t\t\t<div class=\"elementor-element elementor-element-ec33b87 elementor-widget elementor-widget-spacer\" data-id=\"ec33b87\" data-element_type=\"widget\" data-widget_type=\"spacer.default\">\n\t\t\t\t<div class=\"elementor-widget-container\">\n\t\t\t\t\t\t\t<div class=\"elementor-spacer\">\n\t\t\t<div class=\"elementor-spacer-inner\"><\/div>\n\t\t<\/div>\n\t\t\t\t\t\t<\/div>\n\t\t\t\t<\/div>\n\t\t\t\t<div class=\"elementor-element elementor-element-4e5d829 elementor-widget elementor-widget-spacer\" data-id=\"4e5d829\" data-element_type=\"widget\" data-widget_type=\"spacer.default\">\n\t\t\t\t<div class=\"elementor-widget-container\">\n\t\t\t\t\t\t\t<div class=\"elementor-spacer\">\n\t\t\t<div class=\"elementor-spacer-inner\"><\/div>\n\t\t<\/div>\n\t\t\t\t\t\t<\/div>\n\t\t\t\t<\/div>\n\t\t\t\t<div class=\"elementor-element elementor-element-1e52804 elementor-widget elementor-widget-spacer\" data-id=\"1e52804\" data-element_type=\"widget\" data-widget_type=\"spacer.default\">\n\t\t\t\t<div class=\"elementor-widget-container\">\n\t\t\t\t\t\t\t<div class=\"elementor-spacer\">\n\t\t\t<div class=\"elementor-spacer-inner\"><\/div>\n\t\t<\/div>\n\t\t\t\t\t\t<\/div>\n\t\t\t\t<\/div>\n\t\t\t\t<div class=\"elementor-element elementor-element-20f1e00 elementor-widget elementor-widget-text-editor\" data-id=\"20f1e00\" data-element_type=\"widget\" data-widget_type=\"text-editor.default\">\n\t\t\t\t<div class=\"elementor-widget-container\">\n\t\t\t\t\t\t\t\t\t<p>Av\u00eds Legal<\/p>\n\t\t\t\t\t\t\t\t<\/div>\n\t\t\t\t<\/div>\n\t\t\t\t<div class=\"elementor-element elementor-element-57f5e1c elementor-widget elementor-widget-spacer\" data-id=\"57f5e1c\" data-element_type=\"widget\" data-widget_type=\"spacer.default\">\n\t\t\t\t<div class=\"elementor-widget-container\">\n\t\t\t\t\t\t\t<div class=\"elementor-spacer\">\n\t\t\t<div class=\"elementor-spacer-inner\"><\/div>\n\t\t<\/div>\n\t\t\t\t\t\t<\/div>\n\t\t\t\t<\/div>\n\t\t\t\t\t<\/div>\n\t\t\t\t<\/div>\n\t\t<div class=\"elementor-element elementor-element-60fda09 e-flex e-con-boxed qodef-elementor-content-no e-con e-parent\" data-id=\"60fda09\" data-element_type=\"container\">\n\t\t\t\t\t<div class=\"e-con-inner\">\n\t\t\t\t<div class=\"elementor-element elementor-element-e508369 elementor-widget elementor-widget-spacer\" data-id=\"e508369\" data-element_type=\"widget\" data-widget_type=\"spacer.default\">\n\t\t\t\t<div class=\"elementor-widget-container\">\n\t\t\t\t\t\t\t<div class=\"elementor-spacer\">\n\t\t\t<div class=\"elementor-spacer-inner\"><\/div>\n\t\t<\/div>\n\t\t\t\t\t\t<\/div>\n\t\t\t\t<\/div>\n\t\t\t\t<div class=\"elementor-element elementor-element-f6debfc elementor-widget elementor-widget-heading\" data-id=\"f6debfc\" data-element_type=\"widget\" data-widget_type=\"heading.default\">\n\t\t\t\t<div class=\"elementor-widget-container\">\n\t\t\t\t\t<h2 class=\"elementor-heading-title elementor-size-default\">Av\u00eds Legal<\/h2>\t\t\t\t<\/div>\n\t\t\t\t<\/div>\n\t\t\t\t<div class=\"elementor-element elementor-element-2ad0a85 elementor-widget elementor-widget-text-editor\" data-id=\"2ad0a85\" data-element_type=\"widget\" data-widget_type=\"text-editor.default\">\n\t\t\t\t<div class=\"elementor-widget-container\">\n\t\t\t\t\t\t\t\t\t<p>L&#8217;acc\u00e9s i \u00fas d&#8217;aquest lloc web, aix\u00ed com de tots els subdominis i p\u00e0gines associades a aquest domini (d&#8217;llaura endavant, conjuntament denominats com el &#8220;Lloc web&#8221;), estan subjectes als t\u00e8rmit i condicions descrits en aquest Av\u00eds Legal, aix\u00ed com a la legislaci\u00f3 aplicable.<\/p>\n\t\t\t\t\t\t\t\t<\/div>\n\t\t\t\t<\/div>\n\t\t\t\t<div class=\"elementor-element elementor-element-9c18388 elementor-widget elementor-widget-heading\" data-id=\"9c18388\" data-element_type=\"widget\" data-widget_type=\"heading.default\">\n\t\t\t\t<div class=\"elementor-widget-container\">\n\t\t\t\t\t<h2 class=\"elementor-heading-title elementor-size-default\">Propietat intel\u00b7lectual i industrial<\/h2>\t\t\t\t<\/div>\n\t\t\t\t<\/div>\n\t\t\t\t<div class=\"elementor-element elementor-element-c471d09 elementor-widget elementor-widget-text-editor\" data-id=\"c471d09\" data-element_type=\"widget\" data-widget_type=\"text-editor.default\">\n\t\t\t\t<div class=\"elementor-widget-container\">\n\t\t\t\t\t\t\t\t\t<p>Tots els drets de propietat intel\u00b7lectual i industrial del contingut del Lloc web, inclosos, entre altres, els textos, imatges, dissenys gr\u00e0fics, logotips, icones, programari, arxius d&#8217;\u00e0udio i v\u00eddeo, aix\u00ed com la seva estructura, disseny i codi font, s\u00f3n propietat de Jabss o de tercers que han autoritzat el seu \u00fas. Aquests drets estan protegits per les lleis de propietat intel\u00b7lectual i industrial.<\/p>\n<p>Queda prohibida la reproducci\u00f3, distribuci\u00f3, comunicaci\u00f3 p\u00fablica, transformaci\u00f3, posada a la disposici\u00f3 del p\u00fablic i, en general, qualsevol altra forma d&#8217;explotaci\u00f3, total o parcial, del contingut del Lloc web sense l&#8217;autoritzaci\u00f3 expressa de Jabss.<\/p>\n\t\t\t\t\t\t\t\t<\/div>\n\t\t\t\t<\/div>\n\t\t\t\t<div class=\"elementor-element elementor-element-f8ce5bf elementor-widget elementor-widget-heading\" data-id=\"f8ce5bf\" data-element_type=\"widget\" data-widget_type=\"heading.default\">\n\t\t\t\t<div class=\"elementor-widget-container\">\n\t\t\t\t\t<h2 class=\"elementor-heading-title elementor-size-default\">Responsabilitat de l'usuari<\/h2>\t\t\t\t<\/div>\n\t\t\t\t<\/div>\n\t\t\t\t<div class=\"elementor-element elementor-element-a162b39 elementor-widget elementor-widget-text-editor\" data-id=\"a162b39\" data-element_type=\"widget\" data-widget_type=\"text-editor.default\">\n\t\t\t\t<div class=\"elementor-widget-container\">\n\t\t\t\t\t\t\t\t\t<p>L&#8217;usuari es compromet a utilitzar el Lloc web de conformitat amb la llei, la moral, els bons costums i el present Av\u00eds Legal. L&#8217;usuari respondr\u00e0 enfront de Jabss o enfront de tercers de qualsevol mal o perjudici que pogu\u00e9s derivar-se de l&#8217;incompliment d&#8217;aquestes obligacions.<\/p>\n\t\t\t\t\t\t\t\t<\/div>\n\t\t\t\t<\/div>\n\t\t\t\t<div class=\"elementor-element elementor-element-f4507e4 elementor-widget elementor-widget-heading\" data-id=\"f4507e4\" data-element_type=\"widget\" data-widget_type=\"heading.default\">\n\t\t\t\t<div class=\"elementor-widget-container\">\n\t\t\t\t\t<h2 class=\"elementor-heading-title elementor-size-default\">Exclusi\u00f3 de garanties i responsabilitat<\/h2>\t\t\t\t<\/div>\n\t\t\t\t<\/div>\n\t\t\t\t<div class=\"elementor-element elementor-element-f45388f elementor-widget elementor-widget-text-editor\" data-id=\"f45388f\" data-element_type=\"widget\" data-widget_type=\"text-editor.default\">\n\t\t\t\t<div class=\"elementor-widget-container\">\n\t\t\t\t\t\t\t\t\t<p>Jabss no garanteix la disponibilitat, continu\u00eftat ni la infal\u00b7libilitat del funcionament del Lloc web, i per tant, exclou qualsevol responsabilitat pels danys i perjudicis de tota naturalesa que puguin deure&#8217;s a la falta de disponibilitat o continu\u00eftat del funcionament del Lloc web.<\/p>\n\t\t\t\t\t\t\t\t<\/div>\n\t\t\t\t<\/div>\n\t\t\t\t<div class=\"elementor-element elementor-element-5c4bfd1 elementor-widget elementor-widget-heading\" data-id=\"5c4bfd1\" data-element_type=\"widget\" data-widget_type=\"heading.default\">\n\t\t\t\t<div class=\"elementor-widget-container\">\n\t\t\t\t\t<h2 class=\"elementor-heading-title elementor-size-default\">Enlla\u00e7os a tercers<\/h2>\t\t\t\t<\/div>\n\t\t\t\t<\/div>\n\t\t\t\t<div class=\"elementor-element elementor-element-fe89df4 elementor-widget elementor-widget-text-editor\" data-id=\"fe89df4\" data-element_type=\"widget\" data-widget_type=\"text-editor.default\">\n\t\t\t\t<div class=\"elementor-widget-container\">\n\t\t\t\t\t\t\t\t\t<p>El Lloc web pot incloure enlla\u00e7os a llocs web de tercers Jabss no es fa responsable del contingut, la disponibilitat, la fiabilitat ni la veracitat d&#8217;aquests llocs web enlla\u00e7ats.<\/p>\n\t\t\t\t\t\t\t\t<\/div>\n\t\t\t\t<\/div>\n\t\t\t\t<div class=\"elementor-element elementor-element-98512a0 elementor-widget elementor-widget-heading\" data-id=\"98512a0\" data-element_type=\"widget\" data-widget_type=\"heading.default\">\n\t\t\t\t<div class=\"elementor-widget-container\">\n\t\t\t\t\t<h2 class=\"elementor-heading-title elementor-size-default\">Legislaci\u00f3 aplicable i jurisdicci\u00f3<\/h2>\t\t\t\t<\/div>\n\t\t\t\t<\/div>\n\t\t\t\t<div class=\"elementor-element elementor-element-50c4531 elementor-widget elementor-widget-text-editor\" data-id=\"50c4531\" data-element_type=\"widget\" data-widget_type=\"text-editor.default\">\n\t\t\t\t<div class=\"elementor-widget-container\">\n\t\t\t\t\t\t\t\t\t<p>Aquest Av\u00eds Legal es regir\u00e0 i interpretar\u00e0 d&#8217;acord amb la legislaci\u00f3 espanyola. En cas de controv\u00e8rsia o discrep\u00e0ncia, les parts se sotmetran, amb ren\u00fancia expressa a qualsevol altre fur, als jutjats i tribunals de Barcelona.<\/p>\n\t\t\t\t\t\t\t\t<\/div>\n\t\t\t\t<\/div>\n\t\t\t\t\t<\/div>\n\t\t\t\t<\/div>\n\t\t\t\t<\/div>\n\t\t","protected":false},"excerpt":{"rendered":"<p>Av\u00eds Legal Av\u00eds Legal L&#8217;acc\u00e9s i \u00fas d&#8217;aquest lloc web, aix\u00ed com de tots els subdominis i p\u00e0gines associades a aquest domini (d&#8217;llaura endavant, conjuntament denominats com el &#8220;Lloc web&#8221;), estan subjectes als t\u00e8rmit i condicions descrits en aquest Av\u00eds Legal, aix\u00ed com a la legislaci\u00f3 aplicable. Propietat intel\u00b7lectual i industrial Tots els drets de [&hellip;]<\/p>\n","protected":false},"author":2,"featured_media":4455,"parent":0,"menu_order":0,"comment_status":"closed","ping_status":"open","template":"","meta":{"footnotes":""},"class_list":["post-6195","page","type-page","status-publish","has-post-thumbnail","hentry"],"yoast_head":"<!-- This site is optimized with the Yoast SEO plugin v26.1 - https:\/\/yoast.com\/wordpress\/plugins\/seo\/ -->\n<title>Av\u00eds Legal - Jabss Interiorisme i Mobiliari<\/title>\n<meta name=\"robots\" content=\"index, follow, max-snippet:-1, max-image-preview:large, max-video-preview:-1\" \/>\n<link rel=\"canonical\" href=\"https:\/\/jabss.com\/ca\/avis-legal\/\" \/>\n<meta property=\"og:locale\" content=\"ca_ES\" \/>\n<meta property=\"og:type\" content=\"article\" \/>\n<meta property=\"og:title\" content=\"Av\u00eds Legal - Jabss Interiorisme i Mobiliari\" \/>\n<meta property=\"og:description\" content=\"Av\u00eds Legal Av\u00eds Legal L&#8217;acc\u00e9s i \u00fas d&#8217;aquest lloc web, aix\u00ed com de tots els subdominis i p\u00e0gines associades a aquest domini (d&#8217;llaura endavant, conjuntament denominats com el &#8220;Lloc web&#8221;), estan subjectes als t\u00e8rmit i condicions descrits en aquest Av\u00eds Legal, aix\u00ed com a la legislaci\u00f3 aplicable. Propietat intel\u00b7lectual i industrial Tots els drets de [&hellip;]\" \/>\n<meta property=\"og:url\" content=\"https:\/\/jabss.com\/ca\/avis-legal\/\" \/>\n<meta property=\"og:site_name\" content=\"Jabss Interiorisme i Mobiliari\" \/>\n<meta property=\"article:publisher\" content=\"https:\/\/www.facebook.com\/jabssmobiliari\/\" \/>\n<meta property=\"article:modified_time\" content=\"2024-06-27T10:42:41+00:00\" \/>\n<meta property=\"og:image\" content=\"https:\/\/jabss.com\/wp-content\/uploads\/2024\/02\/Casa-Calders-115.jpeg\" \/>\n\t<meta property=\"og:image:width\" content=\"1500\" \/>\n\t<meta property=\"og:image:height\" content=\"943\" \/>\n\t<meta property=\"og:image:type\" content=\"image\/jpeg\" \/>\n<meta name=\"twitter:card\" content=\"summary_large_image\" \/>\n<meta name=\"twitter:label1\" content=\"Temps estimat de lectura\" \/>\n\t<meta name=\"twitter:data1\" content=\"2 minuts\" \/>\n<script type=\"application\/ld+json\" class=\"yoast-schema-graph\">{\"@context\":\"https:\/\/schema.org\",\"@graph\":[{\"@type\":\"WebPage\",\"@id\":\"https:\/\/jabss.com\/ca\/avis-legal\/\",\"url\":\"https:\/\/jabss.com\/ca\/avis-legal\/\",\"name\":\"Av\u00eds Legal - Jabss Interiorisme i Mobiliari\",\"isPartOf\":{\"@id\":\"https:\/\/jabss.com\/ca\/#website\"},\"primaryImageOfPage\":{\"@id\":\"https:\/\/jabss.com\/ca\/avis-legal\/#primaryimage\"},\"image\":{\"@id\":\"https:\/\/jabss.com\/ca\/avis-legal\/#primaryimage\"},\"thumbnailUrl\":\"https:\/\/jabss.com\/wp-content\/uploads\/2024\/02\/Casa-Calders-115.jpeg\",\"datePublished\":\"2024-05-07T08:33:56+00:00\",\"dateModified\":\"2024-06-27T10:42:41+00:00\",\"breadcrumb\":{\"@id\":\"https:\/\/jabss.com\/ca\/avis-legal\/#breadcrumb\"},\"inLanguage\":\"ca\",\"potentialAction\":[{\"@type\":\"ReadAction\",\"target\":[\"https:\/\/jabss.com\/ca\/avis-legal\/\"]}]},{\"@type\":\"ImageObject\",\"inLanguage\":\"ca\",\"@id\":\"https:\/\/jabss.com\/ca\/avis-legal\/#primaryimage\",\"url\":\"https:\/\/jabss.com\/wp-content\/uploads\/2024\/02\/Casa-Calders-115.jpeg\",\"contentUrl\":\"https:\/\/jabss.com\/wp-content\/uploads\/2024\/02\/Casa-Calders-115.jpeg\",\"width\":1500,\"height\":943},{\"@type\":\"BreadcrumbList\",\"@id\":\"https:\/\/jabss.com\/ca\/avis-legal\/#breadcrumb\",\"itemListElement\":[{\"@type\":\"ListItem\",\"position\":1,\"name\":\"Inicio\",\"item\":\"https:\/\/jabss.com\/ca\/\"},{\"@type\":\"ListItem\",\"position\":2,\"name\":\"Av\u00eds Legal\"}]},{\"@type\":\"WebSite\",\"@id\":\"https:\/\/jabss.com\/ca\/#website\",\"url\":\"https:\/\/jabss.com\/ca\/\",\"name\":\"Jabss Interiorisme i Mobiliari\",\"description\":\"Muebles y Proyectos Interiorismo\",\"publisher\":{\"@id\":\"https:\/\/jabss.com\/ca\/#organization\"},\"potentialAction\":[{\"@type\":\"SearchAction\",\"target\":{\"@type\":\"EntryPoint\",\"urlTemplate\":\"https:\/\/jabss.com\/ca\/?s={search_term_string}\"},\"query-input\":{\"@type\":\"PropertyValueSpecification\",\"valueRequired\":true,\"valueName\":\"search_term_string\"}}],\"inLanguage\":\"ca\"},{\"@type\":\"Organization\",\"@id\":\"https:\/\/jabss.com\/ca\/#organization\",\"name\":\"Jabss Interiorisme i Mobiliari\",\"url\":\"https:\/\/jabss.com\/ca\/\",\"logo\":{\"@type\":\"ImageObject\",\"inLanguage\":\"ca\",\"@id\":\"https:\/\/jabss.com\/ca\/#\/schema\/logo\/image\/\",\"url\":\"https:\/\/jabss.com\/wp-content\/uploads\/2024\/07\/logo_jabss_tienda_muebles_interiorismo_manresa.jpg\",\"contentUrl\":\"https:\/\/jabss.com\/wp-content\/uploads\/2024\/07\/logo_jabss_tienda_muebles_interiorismo_manresa.jpg\",\"width\":512,\"height\":280,\"caption\":\"Jabss Interiorisme i Mobiliari\"},\"image\":{\"@id\":\"https:\/\/jabss.com\/ca\/#\/schema\/logo\/image\/\"},\"sameAs\":[\"https:\/\/www.facebook.com\/jabssmobiliari\/\"]}]}<\/script>\n<!-- \/ Yoast SEO plugin. -->","yoast_head_json":{"title":"Av\u00eds Legal - Jabss Interiorisme i Mobiliari","robots":{"index":"index","follow":"follow","max-snippet":"max-snippet:-1","max-image-preview":"max-image-preview:large","max-video-preview":"max-video-preview:-1"},"canonical":"https:\/\/jabss.com\/ca\/avis-legal\/","og_locale":"ca_ES","og_type":"article","og_title":"Av\u00eds Legal - Jabss Interiorisme i Mobiliari","og_description":"Av\u00eds Legal Av\u00eds Legal L&#8217;acc\u00e9s i \u00fas d&#8217;aquest lloc web, aix\u00ed com de tots els subdominis i p\u00e0gines associades a aquest domini (d&#8217;llaura endavant, conjuntament denominats com el &#8220;Lloc web&#8221;), estan subjectes als t\u00e8rmit i condicions descrits en aquest Av\u00eds Legal, aix\u00ed com a la legislaci\u00f3 aplicable. Propietat intel\u00b7lectual i industrial Tots els drets de [&hellip;]","og_url":"https:\/\/jabss.com\/ca\/avis-legal\/","og_site_name":"Jabss Interiorisme i Mobiliari","article_publisher":"https:\/\/www.facebook.com\/jabssmobiliari\/","article_modified_time":"2024-06-27T10:42:41+00:00","og_image":[{"width":1500,"height":943,"url":"https:\/\/jabss.com\/wp-content\/uploads\/2024\/02\/Casa-Calders-115.jpeg","type":"image\/jpeg"}],"twitter_card":"summary_large_image","twitter_misc":{"Temps estimat de lectura":"2 minuts"},"schema":{"@context":"https:\/\/schema.org","@graph":[{"@type":"WebPage","@id":"https:\/\/jabss.com\/ca\/avis-legal\/","url":"https:\/\/jabss.com\/ca\/avis-legal\/","name":"Av\u00eds Legal - Jabss Interiorisme i Mobiliari","isPartOf":{"@id":"https:\/\/jabss.com\/ca\/#website"},"primaryImageOfPage":{"@id":"https:\/\/jabss.com\/ca\/avis-legal\/#primaryimage"},"image":{"@id":"https:\/\/jabss.com\/ca\/avis-legal\/#primaryimage"},"thumbnailUrl":"https:\/\/jabss.com\/wp-content\/uploads\/2024\/02\/Casa-Calders-115.jpeg","datePublished":"2024-05-07T08:33:56+00:00","dateModified":"2024-06-27T10:42:41+00:00","breadcrumb":{"@id":"https:\/\/jabss.com\/ca\/avis-legal\/#breadcrumb"},"inLanguage":"ca","potentialAction":[{"@type":"ReadAction","target":["https:\/\/jabss.com\/ca\/avis-legal\/"]}]},{"@type":"ImageObject","inLanguage":"ca","@id":"https:\/\/jabss.com\/ca\/avis-legal\/#primaryimage","url":"https:\/\/jabss.com\/wp-content\/uploads\/2024\/02\/Casa-Calders-115.jpeg","contentUrl":"https:\/\/jabss.com\/wp-content\/uploads\/2024\/02\/Casa-Calders-115.jpeg","width":1500,"height":943},{"@type":"BreadcrumbList","@id":"https:\/\/jabss.com\/ca\/avis-legal\/#breadcrumb","itemListElement":[{"@type":"ListItem","position":1,"name":"Inicio","item":"https:\/\/jabss.com\/ca\/"},{"@type":"ListItem","position":2,"name":"Av\u00eds Legal"}]},{"@type":"WebSite","@id":"https:\/\/jabss.com\/ca\/#website","url":"https:\/\/jabss.com\/ca\/","name":"Jabss Interiorisme i Mobiliari","description":"Muebles y Proyectos Interiorismo","publisher":{"@id":"https:\/\/jabss.com\/ca\/#organization"},"potentialAction":[{"@type":"SearchAction","target":{"@type":"EntryPoint","urlTemplate":"https:\/\/jabss.com\/ca\/?s={search_term_string}"},"query-input":{"@type":"PropertyValueSpecification","valueRequired":true,"valueName":"search_term_string"}}],"inLanguage":"ca"},{"@type":"Organization","@id":"https:\/\/jabss.com\/ca\/#organization","name":"Jabss Interiorisme i Mobiliari","url":"https:\/\/jabss.com\/ca\/","logo":{"@type":"ImageObject","inLanguage":"ca","@id":"https:\/\/jabss.com\/ca\/#\/schema\/logo\/image\/","url":"https:\/\/jabss.com\/wp-content\/uploads\/2024\/07\/logo_jabss_tienda_muebles_interiorismo_manresa.jpg","contentUrl":"https:\/\/jabss.com\/wp-content\/uploads\/2024\/07\/logo_jabss_tienda_muebles_interiorismo_manresa.jpg","width":512,"height":280,"caption":"Jabss Interiorisme i Mobiliari"},"image":{"@id":"https:\/\/jabss.com\/ca\/#\/schema\/logo\/image\/"},"sameAs":["https:\/\/www.facebook.com\/jabssmobiliari\/"]}]}},"_links":{"self":[{"href":"https:\/\/jabss.com\/ca\/wp-json\/wp\/v2\/pages\/6195","targetHints":{"allow":["GET"]}}],"collection":[{"href":"https:\/\/jabss.com\/ca\/wp-json\/wp\/v2\/pages"}],"about":[{"href":"https:\/\/jabss.com\/ca\/wp-json\/wp\/v2\/types\/page"}],"author":[{"embeddable":true,"href":"https:\/\/jabss.com\/ca\/wp-json\/wp\/v2\/users\/2"}],"replies":[{"embeddable":true,"href":"https:\/\/jabss.com\/ca\/wp-json\/wp\/v2\/comments?post=6195"}],"version-history":[{"count":6,"href":"https:\/\/jabss.com\/ca\/wp-json\/wp\/v2\/pages\/6195\/revisions"}],"predecessor-version":[{"id":9386,"href":"https:\/\/jabss.com\/ca\/wp-json\/wp\/v2\/pages\/6195\/revisions\/9386"}],"wp:featuredmedia":[{"embeddable":true,"href":"https:\/\/jabss.com\/ca\/wp-json\/wp\/v2\/media\/4455"}],"wp:attachment":[{"href":"https:\/\/jabss.com\/ca\/wp-json\/wp\/v2\/media?parent=6195"}],"curies":[{"name":"wp","href":"https:\/\/api.w.org\/{rel}","templated":true}]}}