{"id":6240,"date":"2024-05-07T08:42:53","date_gmt":"2024-05-07T08:42:53","guid":{"rendered":"https:\/\/jabss.com\/politica-de-cookies\/"},"modified":"2024-05-07T10:56:34","modified_gmt":"2024-05-07T10:56:34","slug":"politica-de-cookies","status":"publish","type":"page","link":"https:\/\/jabss.com\/ca\/politica-de-cookies\/","title":{"rendered":"Pol\u00edtica de Cookies"},"content":{"rendered":"\t\t<div data-elementor-type=\"wp-page\" data-elementor-id=\"6240\" class=\"elementor elementor-6240\" data-elementor-post-type=\"page\">\n\t\t\t\t<div class=\"elementor-element elementor-element-01100c5 e-flex e-con-boxed qodef-elementor-content-no e-con e-parent\" data-id=\"01100c5\" data-element_type=\"container\" data-settings=\"{&quot;background_background&quot;:&quot;classic&quot;}\">\n\t\t\t\t\t<div class=\"e-con-inner\">\n\t\t\t\t<div class=\"elementor-element elementor-element-ec33b87 elementor-widget elementor-widget-spacer\" data-id=\"ec33b87\" data-element_type=\"widget\" data-widget_type=\"spacer.default\">\n\t\t\t\t<div class=\"elementor-widget-container\">\n\t\t\t\t\t\t\t<div class=\"elementor-spacer\">\n\t\t\t<div class=\"elementor-spacer-inner\"><\/div>\n\t\t<\/div>\n\t\t\t\t\t\t<\/div>\n\t\t\t\t<\/div>\n\t\t\t\t<div class=\"elementor-element elementor-element-4e5d829 elementor-widget elementor-widget-spacer\" data-id=\"4e5d829\" data-element_type=\"widget\" data-widget_type=\"spacer.default\">\n\t\t\t\t<div class=\"elementor-widget-container\">\n\t\t\t\t\t\t\t<div class=\"elementor-spacer\">\n\t\t\t<div class=\"elementor-spacer-inner\"><\/div>\n\t\t<\/div>\n\t\t\t\t\t\t<\/div>\n\t\t\t\t<\/div>\n\t\t\t\t<div class=\"elementor-element elementor-element-1e52804 elementor-widget elementor-widget-spacer\" data-id=\"1e52804\" data-element_type=\"widget\" data-widget_type=\"spacer.default\">\n\t\t\t\t<div class=\"elementor-widget-container\">\n\t\t\t\t\t\t\t<div class=\"elementor-spacer\">\n\t\t\t<div class=\"elementor-spacer-inner\"><\/div>\n\t\t<\/div>\n\t\t\t\t\t\t<\/div>\n\t\t\t\t<\/div>\n\t\t\t\t<div class=\"elementor-element elementor-element-20f1e00 elementor-widget elementor-widget-text-editor\" data-id=\"20f1e00\" data-element_type=\"widget\" data-widget_type=\"text-editor.default\">\n\t\t\t\t<div class=\"elementor-widget-container\">\n\t\t\t\t\t\t\t\t\t<p>Pol\u00edtica de Cookies<\/p>\n\t\t\t\t\t\t\t\t<\/div>\n\t\t\t\t<\/div>\n\t\t\t\t<div class=\"elementor-element elementor-element-57f5e1c elementor-widget elementor-widget-spacer\" data-id=\"57f5e1c\" data-element_type=\"widget\" data-widget_type=\"spacer.default\">\n\t\t\t\t<div class=\"elementor-widget-container\">\n\t\t\t\t\t\t\t<div class=\"elementor-spacer\">\n\t\t\t<div class=\"elementor-spacer-inner\"><\/div>\n\t\t<\/div>\n\t\t\t\t\t\t<\/div>\n\t\t\t\t<\/div>\n\t\t\t\t\t<\/div>\n\t\t\t\t<\/div>\n\t\t<div class=\"elementor-element elementor-element-60fda09 e-flex e-con-boxed qodef-elementor-content-no e-con e-parent\" data-id=\"60fda09\" data-element_type=\"container\">\n\t\t\t\t\t<div class=\"e-con-inner\">\n\t\t\t\t<div class=\"elementor-element elementor-element-e508369 elementor-widget elementor-widget-spacer\" data-id=\"e508369\" data-element_type=\"widget\" data-widget_type=\"spacer.default\">\n\t\t\t\t<div class=\"elementor-widget-container\">\n\t\t\t\t\t\t\t<div class=\"elementor-spacer\">\n\t\t\t<div class=\"elementor-spacer-inner\"><\/div>\n\t\t<\/div>\n\t\t\t\t\t\t<\/div>\n\t\t\t\t<\/div>\n\t\t\t\t<div class=\"elementor-element elementor-element-f6debfc elementor-widget elementor-widget-heading\" data-id=\"f6debfc\" data-element_type=\"widget\" data-widget_type=\"heading.default\">\n\t\t\t\t<div class=\"elementor-widget-container\">\n\t\t\t\t\t<h2 class=\"elementor-heading-title elementor-size-default\">Notes legals<\/h2>\t\t\t\t<\/div>\n\t\t\t\t<\/div>\n\t\t\t\t<div class=\"elementor-element elementor-element-2ad0a85 elementor-widget elementor-widget-text-editor\" data-id=\"2ad0a85\" data-element_type=\"widget\" data-widget_type=\"text-editor.default\">\n\t\t\t\t<div class=\"elementor-widget-container\">\n\t\t\t\t\t\t\t\t\t<p>En aquesta web utilitzem cookies pr\u00f2pies i \/ o de tercers per a millorar els nostres serveis i mostrar-li informaci\u00f3 relacionada amb les seves prefer\u00e8ncies mitjan\u00e7ant l&#8217;an\u00e0lisi dels teus h\u00e0bits de navegaci\u00f3. Si continua navegant, considerem que accepta el seu \u00fas. Pot canviar la configuraci\u00f3 o obtenir m\u00e9s informaci\u00f3 aqu\u00ed.<\/p>\n\t\t\t\t\t\t\t\t<\/div>\n\t\t\t\t<\/div>\n\t\t\t\t<div class=\"elementor-element elementor-element-9c18388 elementor-widget elementor-widget-heading\" data-id=\"9c18388\" data-element_type=\"widget\" data-widget_type=\"heading.default\">\n\t\t\t\t<div class=\"elementor-widget-container\">\n\t\t\t\t\t<h2 class=\"elementor-heading-title elementor-size-default\">Tipus de \u2018cookies\u2019 utilitzades<\/h2>\t\t\t\t<\/div>\n\t\t\t\t<\/div>\n\t\t\t\t<div class=\"elementor-element elementor-element-c471d09 elementor-widget elementor-widget-text-editor\" data-id=\"c471d09\" data-element_type=\"widget\" data-widget_type=\"text-editor.default\">\n\t\t\t\t<div class=\"elementor-widget-container\">\n\t\t\t\t\t\t\t\t\t<p>Aquesta web utilitza tant cookies temporals de sessi\u00f3 com cookies permanents. Les cookies de sessi\u00f3 emmagatzemen dades \u00fanicament mentre l&#8217;usuari accedeix a la web i les cookies permanents emmagatzemen les dades en el terminal perqu\u00e8 siguin accedits i utilitzats en m\u00e9s d&#8217;una sessi\u00f3.<\/p>\n<p>Segons la finalitat per a la qual es tractin les dades obtingudes a trav\u00e9s de les \u2018cookies\u2019, la web pot utilitzar:<\/p>\n<ul>\n<li><strong>Cookies t\u00e8cniques<\/strong>: S\u00f3n aquelles que permeten a l&#8217;usuari la navegaci\u00f3 a trav\u00e9s de la p\u00e0gina web o aplicaci\u00f3 i la utilitzaci\u00f3 de les diferents opcions o serveis que en ella existeixen. Per exemple, controlar el tr\u00e0nsit i la comunicaci\u00f3 de dades, identificar la sessi\u00f3, accedir a les parts web d&#8217;acc\u00e9s restringit, recordar els elements que integren una comanda, realitzar la sol\u00b7licitud d&#8217;inscripci\u00f3 o participaci\u00f3 en un esdeveniment, utilitzar elements de seguretat durant la navegaci\u00f3 i emmagatzemar continguts per a la difusi\u00f3 de v\u00eddeos o so.<\/li>\n<li><strong>Cookies de personalitzaci\u00f3<\/strong>: S\u00f3n aquelles que permeten a l&#8217;usuari accedir al servei amb algunes caracter\u00edstiques de car\u00e0cter general predefinides en la seva terminal o que el propi usuari defineixi. Per exemple, l&#8217;idioma, el tipus de navegador a trav\u00e9s del qual accedeix al servei, el disseny de continguts seleccionat, geolocalitzaci\u00f3 del terminal i la configuraci\u00f3 regional des d&#8217;on s&#8217;accedeix al servei.<\/li>\n<li><strong>Cookies publicit\u00e0ries<\/strong>: S\u00f3n aquelles que permeten la gesti\u00f3 efica\u00e7 dels espais publicitaris que s&#8217;han incl\u00f2s en la p\u00e0gina web o aplicaci\u00f3 des de la qual es presta el servei. Permeten adequar el contingut de la publicitat perqu\u00e8 aquesta sigui rellevant per a l&#8217;usuari i per a evitar mostrar anuncis que l&#8217;usuari ja hagi vist.<\/li>\n<li><strong>Cookies d&#8217;an\u00e0lisi estad\u00edstica<\/strong>: S\u00f3n aquelles que permeten realitzar el seguiment i an\u00e0lisi del comportament dels usuaris en els llocs web. La informaci\u00f3 recollida mitjan\u00e7ant aquesta mena de cookies s&#8217;utilitza en el mesurament de l&#8217;activitat dels llocs web, aplicaci\u00f3 o plataforma i per a l&#8217;elaboraci\u00f3 de perfils de navegaci\u00f3 dels usuaris d&#8217;aquests llocs, amb la finalitat d&#8217;introduir millores en el servei en funci\u00f3 de les dades d&#8217;\u00fas que fan els usuaris.<\/li>\n<li><strong>Cookies de tercers<\/strong>: En algunes p\u00e0gines web es poden instal\u00b7lar cookies de tercers que permeten gestionar i millorar els serveis oferts. Com per exemple, serveis estad\u00edstics de Google Analytics.<\/li>\n<li> <\/li>\n<\/ul>\n\t\t\t\t\t\t\t\t<\/div>\n\t\t\t\t<\/div>\n\t\t\t\t<div class=\"elementor-element elementor-element-f8ce5bf elementor-widget elementor-widget-heading\" data-id=\"f8ce5bf\" data-element_type=\"widget\" data-widget_type=\"heading.default\">\n\t\t\t\t<div class=\"elementor-widget-container\">\n\t\t\t\t\t<h2 class=\"elementor-heading-title elementor-size-default\">Com administrar les cookies en el navegador?<\/h2>\t\t\t\t<\/div>\n\t\t\t\t<\/div>\n\t\t\t\t<div class=\"elementor-element elementor-element-a162b39 elementor-widget elementor-widget-text-editor\" data-id=\"a162b39\" data-element_type=\"widget\" data-widget_type=\"text-editor.default\">\n\t\t\t\t<div class=\"elementor-widget-container\">\n\t\t\t\t\t\t\t\t\t<p>L&#8217;usuari t\u00e9 l&#8217;opci\u00f3 de permetre, bloquejar o eliminar les cookies instal\u00b7lades en el seu equip mitjan\u00e7ant la configuraci\u00f3 de les opcions del navegador instal\u00b7lat en la seva terminal:<\/p>\n<ul>\n<li><strong>Google Chrome: <\/strong><\/li>\n<\/ul>\n<ol>\n<li>Fer clic en el men\u00fa situat en la barra d&#8217;eines.<\/li>\n<li>Seleccionar Configuraci\u00f3.<\/li>\n<li>Fer clic a Mostar opcions avan\u00e7ades.<\/li>\n<li>En la secci\u00f3 \u2018Privacitat\u2019 fer clic en el bot\u00f3 Configuraci\u00f3 de contingut.<\/li>\n<li>En la secci\u00f3 de \u2018Cookies\u2019 es poden configurar les opcions.<\/li>\n<\/ol>\n<p>M\u00e9s informaci\u00f3 sobre Google Chrome<\/p>\n<ul>\n<li><strong>Morilla Firefox:<\/strong><\/li>\n<\/ul>\n<ol>\n<li>En la part superior de la finestra de Firefox fer clic en el men\u00fa Eines.<\/li>\n<li>Seleccionar Opcions.<\/li>\n<li>Seleccionar el panell Privacitat.<\/li>\n<li>En l&#8217;opci\u00f3 Firefox podr\u00e0 triar Usar una configuraci\u00f3 personalitzada per a l&#8217;historial per a configurar les opcions.<\/li>\n<li>M\u00e9s informaci\u00f3 sobre Mozilla Firefox<\/li>\n<\/ol>\n<ul>\n<li><strong>Explorer 9: <\/strong><\/li>\n<\/ul>\n<ol>\n<li>En la part superior de la finestra d&#8217;Internet Explorer fer clic en el men\u00fa Eines.<\/li>\n<li>Seleccionar la pestanya de Seguretat i utilitzar l&#8217;opci\u00f3 Eliminar l&#8217;historial d&#8217;exploraci\u00f3 per a eliminar les \u2018cookies\u2019. Activar la casella \u2018Cookies\u2019 i, a continuaci\u00f3, fer clic a Eliminar.<\/li>\n<li>Seleccionar la pestanya de Seguretat i accedir a Configuraci\u00f3. Moure el control lliscant totalment cap amunt per a bloquejar totes les cookies o totalment cap avall per a permetre totes les \u2018cookies\u2019. Despr\u00e9s d&#8217;aix\u00f2, fer clic a Acceptar.<\/li>\n<\/ol>\n<p>M\u00e9s informaci\u00f3 sobre Internet Explorer 9<\/p>\n\t\t\t\t\t\t\t\t<\/div>\n\t\t\t\t<\/div>\n\t\t\t\t<div class=\"elementor-element elementor-element-f45388f elementor-widget elementor-widget-text-editor\" data-id=\"f45388f\" data-element_type=\"widget\" data-widget_type=\"text-editor.default\">\n\t\t\t\t<div class=\"elementor-widget-container\">\n\t\t\t\t\t\t\t\t\t<p>En cas de bloquejar l&#8217;\u00fas de cookies en el seu navegador \u00e9s possible que alguns serveis o funcionalitats de la p\u00e0gina web no estiguin disponibles.<\/p>\n<p><main id=\"mainContent\"><\/p>\n<div class=\"container plain-text\">\n<div class=\"row fix-row\">\n<div class=\"plain-text-content\">\n<div class=\"block-text\">\n<p>En alguns navegadors es poden configurar regles espec\u00edfiques per a administrar cookies per a lloc web, la qual cosa ofereix un control m\u00e9s prec\u00eds sobre la privacitat. Aix\u00f2 significa que es pot inhabilitar cookies de tots els llocs excepte d&#8217;aquells en els quals es confi\u00ef.<\/p>\n<\/div>\n<\/div>\n<\/div>\n<\/div>\n<p><\/main><\/p>\n<footer>\n<div class=\"footer-wrapper t18 upper\">\n<div class=\"padd-center-content\">\n<div class=\"footer_content\"> <\/div>\n<\/div>\n<\/div>\n<\/footer>\n\t\t\t\t\t\t\t\t<\/div>\n\t\t\t\t<\/div>\n\t\t\t\t\t<\/div>\n\t\t\t\t<\/div>\n\t\t\t\t<\/div>\n\t\t","protected":false},"excerpt":{"rendered":"<p>Pol\u00edtica de Cookies Notes legals En aquesta web utilitzem cookies pr\u00f2pies i \/ o de tercers per a millorar els nostres serveis i mostrar-li informaci\u00f3 relacionada amb les seves prefer\u00e8ncies mitjan\u00e7ant l&#8217;an\u00e0lisi dels teus h\u00e0bits de navegaci\u00f3. Si continua navegant, considerem que accepta el seu \u00fas. Pot canviar la configuraci\u00f3 o obtenir m\u00e9s informaci\u00f3 aqu\u00ed. [&hellip;]<\/p>\n","protected":false},"author":2,"featured_media":4455,"parent":0,"menu_order":0,"comment_status":"closed","ping_status":"open","template":"","meta":{"footnotes":""},"class_list":["post-6240","page","type-page","status-publish","has-post-thumbnail","hentry"],"yoast_head":"<!-- This site is optimized with the Yoast SEO plugin v26.1 - https:\/\/yoast.com\/wordpress\/plugins\/seo\/ -->\n<title>Pol\u00edtica de Cookies - Jabss Interiorisme i Mobiliari<\/title>\n<meta name=\"robots\" content=\"index, follow, max-snippet:-1, max-image-preview:large, max-video-preview:-1\" \/>\n<link rel=\"canonical\" href=\"https:\/\/jabss.com\/ca\/politica-de-cookies\/\" \/>\n<meta property=\"og:locale\" content=\"ca_ES\" \/>\n<meta property=\"og:type\" content=\"article\" \/>\n<meta property=\"og:title\" content=\"Pol\u00edtica de Cookies - Jabss Interiorisme i Mobiliari\" \/>\n<meta property=\"og:description\" content=\"Pol\u00edtica de Cookies Notes legals En aquesta web utilitzem cookies pr\u00f2pies i \/ o de tercers per a millorar els nostres serveis i mostrar-li informaci\u00f3 relacionada amb les seves prefer\u00e8ncies mitjan\u00e7ant l&#8217;an\u00e0lisi dels teus h\u00e0bits de navegaci\u00f3. Si continua navegant, considerem que accepta el seu \u00fas. Pot canviar la configuraci\u00f3 o obtenir m\u00e9s informaci\u00f3 aqu\u00ed. [&hellip;]\" \/>\n<meta property=\"og:url\" content=\"https:\/\/jabss.com\/ca\/politica-de-cookies\/\" \/>\n<meta property=\"og:site_name\" content=\"Jabss Interiorisme i Mobiliari\" \/>\n<meta property=\"article:publisher\" content=\"https:\/\/www.facebook.com\/jabssmobiliari\/\" \/>\n<meta property=\"article:modified_time\" content=\"2024-05-07T10:56:34+00:00\" \/>\n<meta property=\"og:image\" content=\"https:\/\/noselocuentesanadie.com\/jabss\/ca\/wp-content\/uploads\/2024\/02\/Casa-Calders-115.jpeg\" \/>\n\t<meta property=\"og:image:width\" content=\"1500\" \/>\n\t<meta property=\"og:image:height\" content=\"943\" \/>\n\t<meta property=\"og:image:type\" content=\"image\/jpeg\" \/>\n<meta name=\"twitter:card\" content=\"summary_large_image\" \/>\n<meta name=\"twitter:label1\" content=\"Temps estimat de lectura\" \/>\n\t<meta name=\"twitter:data1\" content=\"4 minuts\" \/>\n<script type=\"application\/ld+json\" class=\"yoast-schema-graph\">{\"@context\":\"https:\/\/schema.org\",\"@graph\":[{\"@type\":\"WebPage\",\"@id\":\"https:\/\/jabss.com\/ca\/politica-de-cookies\/\",\"url\":\"https:\/\/jabss.com\/ca\/politica-de-cookies\/\",\"name\":\"Pol\u00edtica de Cookies - Jabss Interiorisme i Mobiliari\",\"isPartOf\":{\"@id\":\"https:\/\/jabss.com\/ca\/#website\"},\"primaryImageOfPage\":{\"@id\":\"https:\/\/jabss.com\/ca\/politica-de-cookies\/#primaryimage\"},\"image\":{\"@id\":\"https:\/\/jabss.com\/ca\/politica-de-cookies\/#primaryimage\"},\"thumbnailUrl\":\"https:\/\/jabss.com\/wp-content\/uploads\/2024\/02\/Casa-Calders-115.jpeg\",\"datePublished\":\"2024-05-07T08:42:53+00:00\",\"dateModified\":\"2024-05-07T10:56:34+00:00\",\"breadcrumb\":{\"@id\":\"https:\/\/jabss.com\/ca\/politica-de-cookies\/#breadcrumb\"},\"inLanguage\":\"ca\",\"potentialAction\":[{\"@type\":\"ReadAction\",\"target\":[\"https:\/\/jabss.com\/ca\/politica-de-cookies\/\"]}]},{\"@type\":\"ImageObject\",\"inLanguage\":\"ca\",\"@id\":\"https:\/\/jabss.com\/ca\/politica-de-cookies\/#primaryimage\",\"url\":\"https:\/\/jabss.com\/wp-content\/uploads\/2024\/02\/Casa-Calders-115.jpeg\",\"contentUrl\":\"https:\/\/jabss.com\/wp-content\/uploads\/2024\/02\/Casa-Calders-115.jpeg\",\"width\":1500,\"height\":943},{\"@type\":\"BreadcrumbList\",\"@id\":\"https:\/\/jabss.com\/ca\/politica-de-cookies\/#breadcrumb\",\"itemListElement\":[{\"@type\":\"ListItem\",\"position\":1,\"name\":\"Inicio\",\"item\":\"https:\/\/jabss.com\/ca\/\"},{\"@type\":\"ListItem\",\"position\":2,\"name\":\"Pol\u00edtica de Cookies\"}]},{\"@type\":\"WebSite\",\"@id\":\"https:\/\/jabss.com\/ca\/#website\",\"url\":\"https:\/\/jabss.com\/ca\/\",\"name\":\"Jabss Interiorisme i Mobiliari\",\"description\":\"Muebles y Proyectos Interiorismo\",\"publisher\":{\"@id\":\"https:\/\/jabss.com\/ca\/#organization\"},\"potentialAction\":[{\"@type\":\"SearchAction\",\"target\":{\"@type\":\"EntryPoint\",\"urlTemplate\":\"https:\/\/jabss.com\/ca\/?s={search_term_string}\"},\"query-input\":{\"@type\":\"PropertyValueSpecification\",\"valueRequired\":true,\"valueName\":\"search_term_string\"}}],\"inLanguage\":\"ca\"},{\"@type\":\"Organization\",\"@id\":\"https:\/\/jabss.com\/ca\/#organization\",\"name\":\"Jabss Interiorisme i Mobiliari\",\"url\":\"https:\/\/jabss.com\/ca\/\",\"logo\":{\"@type\":\"ImageObject\",\"inLanguage\":\"ca\",\"@id\":\"https:\/\/jabss.com\/ca\/#\/schema\/logo\/image\/\",\"url\":\"https:\/\/jabss.com\/wp-content\/uploads\/2024\/07\/logo_jabss_tienda_muebles_interiorismo_manresa.jpg\",\"contentUrl\":\"https:\/\/jabss.com\/wp-content\/uploads\/2024\/07\/logo_jabss_tienda_muebles_interiorismo_manresa.jpg\",\"width\":512,\"height\":280,\"caption\":\"Jabss Interiorisme i Mobiliari\"},\"image\":{\"@id\":\"https:\/\/jabss.com\/ca\/#\/schema\/logo\/image\/\"},\"sameAs\":[\"https:\/\/www.facebook.com\/jabssmobiliari\/\"]}]}<\/script>\n<!-- \/ Yoast SEO plugin. -->","yoast_head_json":{"title":"Pol\u00edtica de Cookies - Jabss Interiorisme i Mobiliari","robots":{"index":"index","follow":"follow","max-snippet":"max-snippet:-1","max-image-preview":"max-image-preview:large","max-video-preview":"max-video-preview:-1"},"canonical":"https:\/\/jabss.com\/ca\/politica-de-cookies\/","og_locale":"ca_ES","og_type":"article","og_title":"Pol\u00edtica de Cookies - Jabss Interiorisme i Mobiliari","og_description":"Pol\u00edtica de Cookies Notes legals En aquesta web utilitzem cookies pr\u00f2pies i \/ o de tercers per a millorar els nostres serveis i mostrar-li informaci\u00f3 relacionada amb les seves prefer\u00e8ncies mitjan\u00e7ant l&#8217;an\u00e0lisi dels teus h\u00e0bits de navegaci\u00f3. Si continua navegant, considerem que accepta el seu \u00fas. Pot canviar la configuraci\u00f3 o obtenir m\u00e9s informaci\u00f3 aqu\u00ed. [&hellip;]","og_url":"https:\/\/jabss.com\/ca\/politica-de-cookies\/","og_site_name":"Jabss Interiorisme i Mobiliari","article_publisher":"https:\/\/www.facebook.com\/jabssmobiliari\/","article_modified_time":"2024-05-07T10:56:34+00:00","og_image":[{"width":1500,"height":943,"url":"https:\/\/noselocuentesanadie.com\/jabss\/ca\/wp-content\/uploads\/2024\/02\/Casa-Calders-115.jpeg","type":"image\/jpeg"}],"twitter_card":"summary_large_image","twitter_misc":{"Temps estimat de lectura":"4 minuts"},"schema":{"@context":"https:\/\/schema.org","@graph":[{"@type":"WebPage","@id":"https:\/\/jabss.com\/ca\/politica-de-cookies\/","url":"https:\/\/jabss.com\/ca\/politica-de-cookies\/","name":"Pol\u00edtica de Cookies - Jabss Interiorisme i Mobiliari","isPartOf":{"@id":"https:\/\/jabss.com\/ca\/#website"},"primaryImageOfPage":{"@id":"https:\/\/jabss.com\/ca\/politica-de-cookies\/#primaryimage"},"image":{"@id":"https:\/\/jabss.com\/ca\/politica-de-cookies\/#primaryimage"},"thumbnailUrl":"https:\/\/jabss.com\/wp-content\/uploads\/2024\/02\/Casa-Calders-115.jpeg","datePublished":"2024-05-07T08:42:53+00:00","dateModified":"2024-05-07T10:56:34+00:00","breadcrumb":{"@id":"https:\/\/jabss.com\/ca\/politica-de-cookies\/#breadcrumb"},"inLanguage":"ca","potentialAction":[{"@type":"ReadAction","target":["https:\/\/jabss.com\/ca\/politica-de-cookies\/"]}]},{"@type":"ImageObject","inLanguage":"ca","@id":"https:\/\/jabss.com\/ca\/politica-de-cookies\/#primaryimage","url":"https:\/\/jabss.com\/wp-content\/uploads\/2024\/02\/Casa-Calders-115.jpeg","contentUrl":"https:\/\/jabss.com\/wp-content\/uploads\/2024\/02\/Casa-Calders-115.jpeg","width":1500,"height":943},{"@type":"BreadcrumbList","@id":"https:\/\/jabss.com\/ca\/politica-de-cookies\/#breadcrumb","itemListElement":[{"@type":"ListItem","position":1,"name":"Inicio","item":"https:\/\/jabss.com\/ca\/"},{"@type":"ListItem","position":2,"name":"Pol\u00edtica de Cookies"}]},{"@type":"WebSite","@id":"https:\/\/jabss.com\/ca\/#website","url":"https:\/\/jabss.com\/ca\/","name":"Jabss Interiorisme i Mobiliari","description":"Muebles y Proyectos Interiorismo","publisher":{"@id":"https:\/\/jabss.com\/ca\/#organization"},"potentialAction":[{"@type":"SearchAction","target":{"@type":"EntryPoint","urlTemplate":"https:\/\/jabss.com\/ca\/?s={search_term_string}"},"query-input":{"@type":"PropertyValueSpecification","valueRequired":true,"valueName":"search_term_string"}}],"inLanguage":"ca"},{"@type":"Organization","@id":"https:\/\/jabss.com\/ca\/#organization","name":"Jabss Interiorisme i Mobiliari","url":"https:\/\/jabss.com\/ca\/","logo":{"@type":"ImageObject","inLanguage":"ca","@id":"https:\/\/jabss.com\/ca\/#\/schema\/logo\/image\/","url":"https:\/\/jabss.com\/wp-content\/uploads\/2024\/07\/logo_jabss_tienda_muebles_interiorismo_manresa.jpg","contentUrl":"https:\/\/jabss.com\/wp-content\/uploads\/2024\/07\/logo_jabss_tienda_muebles_interiorismo_manresa.jpg","width":512,"height":280,"caption":"Jabss Interiorisme i Mobiliari"},"image":{"@id":"https:\/\/jabss.com\/ca\/#\/schema\/logo\/image\/"},"sameAs":["https:\/\/www.facebook.com\/jabssmobiliari\/"]}]}},"_links":{"self":[{"href":"https:\/\/jabss.com\/ca\/wp-json\/wp\/v2\/pages\/6240","targetHints":{"allow":["GET"]}}],"collection":[{"href":"https:\/\/jabss.com\/ca\/wp-json\/wp\/v2\/pages"}],"about":[{"href":"https:\/\/jabss.com\/ca\/wp-json\/wp\/v2\/types\/page"}],"author":[{"embeddable":true,"href":"https:\/\/jabss.com\/ca\/wp-json\/wp\/v2\/users\/2"}],"replies":[{"embeddable":true,"href":"https:\/\/jabss.com\/ca\/wp-json\/wp\/v2\/comments?post=6240"}],"version-history":[{"count":1,"href":"https:\/\/jabss.com\/ca\/wp-json\/wp\/v2\/pages\/6240\/revisions"}],"predecessor-version":[{"id":6241,"href":"https:\/\/jabss.com\/ca\/wp-json\/wp\/v2\/pages\/6240\/revisions\/6241"}],"wp:featuredmedia":[{"embeddable":true,"href":"https:\/\/jabss.com\/ca\/wp-json\/wp\/v2\/media\/4455"}],"wp:attachment":[{"href":"https:\/\/jabss.com\/ca\/wp-json\/wp\/v2\/media?parent=6240"}],"curies":[{"name":"wp","href":"https:\/\/api.w.org\/{rel}","templated":true}]}}