{"id":6781,"date":"2024-05-09T08:10:27","date_gmt":"2024-05-09T08:10:27","guid":{"rendered":"https:\/\/jabss.com\/marques-generals\/glas-italia\/"},"modified":"2024-05-09T12:03:19","modified_gmt":"2024-05-09T12:03:19","slug":"glas-italia","status":"publish","type":"page","link":"https:\/\/jabss.com\/ca\/marques-generals\/glas-italia\/","title":{"rendered":"Glas Italia"},"content":{"rendered":"\t\t<div data-elementor-type=\"wp-page\" data-elementor-id=\"6781\" class=\"elementor elementor-6781\" data-elementor-post-type=\"page\">\n\t\t\t\t<div class=\"elementor-element elementor-element-a65ad34 e-flex e-con-boxed qodef-elementor-content-no e-con e-parent\" data-id=\"a65ad34\" data-element_type=\"container\" data-settings=\"{&quot;background_background&quot;:&quot;classic&quot;}\">\n\t\t\t\t\t<div class=\"e-con-inner\">\n\t\t\t\t<div class=\"elementor-element elementor-element-c833d75 elementor-widget elementor-widget-spacer\" data-id=\"c833d75\" data-element_type=\"widget\" data-widget_type=\"spacer.default\">\n\t\t\t\t<div class=\"elementor-widget-container\">\n\t\t\t\t\t\t\t<div class=\"elementor-spacer\">\n\t\t\t<div class=\"elementor-spacer-inner\"><\/div>\n\t\t<\/div>\n\t\t\t\t\t\t<\/div>\n\t\t\t\t<\/div>\n\t\t\t\t\t<\/div>\n\t\t\t\t<\/div>\n\t\t<div class=\"elementor-element elementor-element-01100c5 e-flex e-con-boxed qodef-elementor-content-no e-con e-parent\" data-id=\"01100c5\" data-element_type=\"container\">\n\t\t\t\t\t<div class=\"e-con-inner\">\n\t\t\t\t<div class=\"elementor-element elementor-element-22bfbd6 elementor-widget elementor-widget-spacer\" data-id=\"22bfbd6\" data-element_type=\"widget\" data-widget_type=\"spacer.default\">\n\t\t\t\t<div class=\"elementor-widget-container\">\n\t\t\t\t\t\t\t<div class=\"elementor-spacer\">\n\t\t\t<div class=\"elementor-spacer-inner\"><\/div>\n\t\t<\/div>\n\t\t\t\t\t\t<\/div>\n\t\t\t\t<\/div>\n\t\t\t\t<div class=\"elementor-element elementor-element-e251ce9 elementor-widget elementor-widget-spacer\" data-id=\"e251ce9\" data-element_type=\"widget\" data-widget_type=\"spacer.default\">\n\t\t\t\t<div class=\"elementor-widget-container\">\n\t\t\t\t\t\t\t<div class=\"elementor-spacer\">\n\t\t\t<div class=\"elementor-spacer-inner\"><\/div>\n\t\t<\/div>\n\t\t\t\t\t\t<\/div>\n\t\t\t\t<\/div>\n\t\t\t\t<div class=\"elementor-element elementor-element-0e0e7aa elementor-widget elementor-widget-image\" data-id=\"0e0e7aa\" data-element_type=\"widget\" data-widget_type=\"image.default\">\n\t\t\t\t<div class=\"elementor-widget-container\">\n\t\t\t\t\t\t\t\t\t\t\t\t\t\t\t<img decoding=\"async\" width=\"150\" height=\"150\" src=\"https:\/\/jabss.com\/wp-content\/uploads\/2024\/04\/glassdesign_opentags-150x150.jpg\" class=\"attachment-thumbnail size-thumbnail wp-image-2009\" alt=\"\" \/>\t\t\t\t\t\t\t\t\t\t\t\t\t\t\t<\/div>\n\t\t\t\t<\/div>\n\t\t\t\t<div class=\"elementor-element elementor-element-71899d7 elementor-widget elementor-widget-html\" data-id=\"71899d7\" data-element_type=\"widget\" data-widget_type=\"html.default\">\n\t\t\t\t<div class=\"elementor-widget-container\">\n\t\t\t\t\t<iframe id=\"shrFrm\" src=\"#\" style=\"width: 100%; margin: 0; border: none; overflow: hidden;\"><\/iframe>\n<script src=\"https:\/\/vsr.architonic.com\/assets\/js\/shared\/jquery.responsiveiframe.js\"><\/script>\n<script type=\"text\/javascript\">jQuery(document).ready(function(){ var regex=new RegExp('[?&]shrPrm=([^&#]*)'); var res=regex.exec(window.location.href); var shrPrm=(res!=null?decodeURIComponent(res[1]):''); if(''!=shrPrm) document.getElementById('shrFrm').src='https:\/\/vsr.architonic.com\/'+shrPrm; else document.getElementById('shrFrm').src='https:\/\/vsr.architonic.com\/es\/8202414\/collections\/3100957\/1?PHPSESSID=opj9j2nhv6vtcdv5uurardclg7'; });(function(e){e(function(){e('#shrFrm').responsiveIframe()})})(jQuery);<\/script>\t\t\t\t<\/div>\n\t\t\t\t<\/div>\n\t\t\t\t\t<\/div>\n\t\t\t\t<\/div>\n\t\t<div class=\"elementor-element elementor-element-fbd483b e-con-full e-flex qodef-elementor-content-no e-con e-parent\" data-id=\"fbd483b\" data-element_type=\"container\" data-settings=\"{&quot;background_background&quot;:&quot;classic&quot;}\">\n\t\t<div class=\"elementor-element elementor-element-b721f27 e-flex e-con-boxed qodef-elementor-content-no e-con e-child\" data-id=\"b721f27\" data-element_type=\"container\">\n\t\t\t\t\t<div class=\"e-con-inner\">\n\t\t\t\t<div class=\"elementor-element elementor-element-0d27388 elementor-widget elementor-widget-heading\" data-id=\"0d27388\" data-element_type=\"widget\" data-widget_type=\"heading.default\">\n\t\t\t\t<div class=\"elementor-widget-container\">\n\t\t\t\t\t<h2 class=\"elementor-heading-title elementor-size-default\">CONTACTA AMB NOSALTRES<\/h2>\t\t\t\t<\/div>\n\t\t\t\t<\/div>\n\t\t\t\t<div class=\"elementor-element elementor-element-bfc26c0 elementor-widget elementor-widget-heading\" data-id=\"bfc26c0\" data-element_type=\"widget\" data-widget_type=\"heading.default\">\n\t\t\t\t<div class=\"elementor-widget-container\">\n\t\t\t\t\t<h2 class=\"elementor-heading-title elementor-size-default\">Els nostres experts interioristes faran <br>dels espais dels teus somnis una realitat <br>amb les millors MARQUES<\/h2>\t\t\t\t<\/div>\n\t\t\t\t<\/div>\n\t\t<div class=\"elementor-element elementor-element-413fe1e e-flex e-con-boxed qodef-elementor-content-no e-con e-child\" data-id=\"413fe1e\" data-element_type=\"container\">\n\t\t\t\t\t<div class=\"e-con-inner\">\n\t\t<div class=\"elementor-element elementor-element-161739d e-flex e-con-boxed qodef-elementor-content-no e-con e-child\" data-id=\"161739d\" data-element_type=\"container\">\n\t\t\t\t\t<div class=\"e-con-inner\">\n\t\t\t\t<div class=\"elementor-element elementor-element-5aa91a1 elementor-widget elementor-widget-html\" data-id=\"5aa91a1\" data-element_type=\"widget\" data-widget_type=\"html.default\">\n\t\t\t\t<div class=\"elementor-widget-container\">\n\t\t\t\t\t<iframe src=\"https:\/\/api.leadconnectorhq.com\/widget\/form\/UsQ9CAHvXbaz3EbbG51E\" style=\"width:100%;height:100%;border:none;border-radius:3px\" id=\"inline-UsQ9CAHvXbaz3EbbG51E\" data-layout=\"{'id':'INLINE'}\" data-trigger-type=\"alwaysShow\" data-trigger-value=\"\" data-activation-type=\"alwaysActivated\" data-activation-value=\"\" data-deactivation-type=\"neverDeactivate\" data-deactivation-value=\"\" data-form-name=\"Formulario JABSS\" data-height=\"756\" data-layout-iframe-id=\"inline-UsQ9CAHvXbaz3EbbG51E\" data-form-id=\"UsQ9CAHvXbaz3EbbG51E\" title=\"Formulari JABSS\">\n<\/iframe>\n<script src=\"https:\/\/link.msgsndr.com\/js\/form_embed.js\"><\/script>\t\t\t\t<\/div>\n\t\t\t\t<\/div>\n\t\t\t\t\t<\/div>\n\t\t\t\t<\/div>\n\t\t\t\t\t<\/div>\n\t\t\t\t<\/div>\n\t\t\t\t\t<\/div>\n\t\t\t\t<\/div>\n\t\t\t\t<\/div>\n\t\t\t\t<\/div>\n\t\t","protected":false},"excerpt":{"rendered":"<p>CONTACTA AMB NOSALTRES Els nostres experts interioristes faran dels espais dels teus somnis una realitat amb les millors MARQUES<\/p>\n","protected":false},"author":2,"featured_media":6521,"parent":6311,"menu_order":0,"comment_status":"closed","ping_status":"closed","template":"","meta":{"footnotes":""},"class_list":["post-6781","page","type-page","status-publish","has-post-thumbnail","hentry"],"yoast_head":"<!-- This site is optimized with the Yoast SEO plugin v26.1 - https:\/\/yoast.com\/wordpress\/plugins\/seo\/ -->\n<title>Glas Italia - Jabss Interiorisme i Mobiliari<\/title>\n<meta name=\"description\" content=\"Disposem d&#039;una \u00e0mplia selecci\u00f3 de productes de la marca Glas It\u00e0lia per a fer de la teva llar un lloc \u00fanic i personalitzat.\" \/>\n<meta name=\"robots\" content=\"index, follow, max-snippet:-1, max-image-preview:large, max-video-preview:-1\" \/>\n<link rel=\"canonical\" href=\"https:\/\/jabss.com\/ca\/marques-generals\/glas-italia\/\" \/>\n<meta property=\"og:locale\" content=\"ca_ES\" \/>\n<meta property=\"og:type\" content=\"article\" \/>\n<meta property=\"og:title\" content=\"Glas Italia - Jabss Interiorisme i Mobiliari\" \/>\n<meta property=\"og:description\" content=\"Disposem d&#039;una \u00e0mplia selecci\u00f3 de productes de la marca Glas It\u00e0lia per a fer de la teva llar un lloc \u00fanic i personalitzat.\" \/>\n<meta property=\"og:url\" content=\"https:\/\/jabss.com\/ca\/marques-generals\/glas-italia\/\" \/>\n<meta property=\"og:site_name\" content=\"Jabss Interiorisme i Mobiliari\" \/>\n<meta property=\"article:publisher\" content=\"https:\/\/www.facebook.com\/jabssmobiliari\/\" \/>\n<meta property=\"article:modified_time\" content=\"2024-05-09T12:03:19+00:00\" \/>\n<meta property=\"og:image\" content=\"https:\/\/noselocuentesanadie.com\/jabss\/ca\/wp-content\/uploads\/2024\/05\/shutterstock_2264519361.jpg\" \/>\n\t<meta property=\"og:image:width\" content=\"1000\" \/>\n\t<meta property=\"og:image:height\" content=\"562\" \/>\n\t<meta property=\"og:image:type\" content=\"image\/jpeg\" \/>\n<meta name=\"twitter:card\" content=\"summary_large_image\" \/>\n<script type=\"application\/ld+json\" class=\"yoast-schema-graph\">{\"@context\":\"https:\/\/schema.org\",\"@graph\":[{\"@type\":\"WebPage\",\"@id\":\"https:\/\/jabss.com\/ca\/marques-generals\/glas-italia\/\",\"url\":\"https:\/\/jabss.com\/ca\/marques-generals\/glas-italia\/\",\"name\":\"Glas Italia - Jabss Interiorisme i Mobiliari\",\"isPartOf\":{\"@id\":\"https:\/\/jabss.com\/ca\/#website\"},\"primaryImageOfPage\":{\"@id\":\"https:\/\/jabss.com\/ca\/marques-generals\/glas-italia\/#primaryimage\"},\"image\":{\"@id\":\"https:\/\/jabss.com\/ca\/marques-generals\/glas-italia\/#primaryimage\"},\"thumbnailUrl\":\"https:\/\/jabss.com\/wp-content\/uploads\/2024\/05\/shutterstock_2264519361.jpg\",\"datePublished\":\"2024-05-09T08:10:27+00:00\",\"dateModified\":\"2024-05-09T12:03:19+00:00\",\"description\":\"Disposem d'una \u00e0mplia selecci\u00f3 de productes de la marca Glas It\u00e0lia per a fer de la teva llar un lloc \u00fanic i personalitzat.\",\"breadcrumb\":{\"@id\":\"https:\/\/jabss.com\/ca\/marques-generals\/glas-italia\/#breadcrumb\"},\"inLanguage\":\"ca\",\"potentialAction\":[{\"@type\":\"ReadAction\",\"target\":[\"https:\/\/jabss.com\/ca\/marques-generals\/glas-italia\/\"]}]},{\"@type\":\"ImageObject\",\"inLanguage\":\"ca\",\"@id\":\"https:\/\/jabss.com\/ca\/marques-generals\/glas-italia\/#primaryimage\",\"url\":\"https:\/\/jabss.com\/wp-content\/uploads\/2024\/05\/shutterstock_2264519361.jpg\",\"contentUrl\":\"https:\/\/jabss.com\/wp-content\/uploads\/2024\/05\/shutterstock_2264519361.jpg\",\"width\":1000,\"height\":562},{\"@type\":\"BreadcrumbList\",\"@id\":\"https:\/\/jabss.com\/ca\/marques-generals\/glas-italia\/#breadcrumb\",\"itemListElement\":[{\"@type\":\"ListItem\",\"position\":1,\"name\":\"Inicio\",\"item\":\"https:\/\/jabss.com\/ca\/\"},{\"@type\":\"ListItem\",\"position\":2,\"name\":\"Marques Generals\",\"item\":\"https:\/\/noselocuentesanadie.com\/jabss\/marcas-generales\/\"},{\"@type\":\"ListItem\",\"position\":3,\"name\":\"Glas Italia\"}]},{\"@type\":\"WebSite\",\"@id\":\"https:\/\/jabss.com\/ca\/#website\",\"url\":\"https:\/\/jabss.com\/ca\/\",\"name\":\"Jabss Interiorisme i Mobiliari\",\"description\":\"Muebles y Proyectos Interiorismo\",\"publisher\":{\"@id\":\"https:\/\/jabss.com\/ca\/#organization\"},\"potentialAction\":[{\"@type\":\"SearchAction\",\"target\":{\"@type\":\"EntryPoint\",\"urlTemplate\":\"https:\/\/jabss.com\/ca\/?s={search_term_string}\"},\"query-input\":{\"@type\":\"PropertyValueSpecification\",\"valueRequired\":true,\"valueName\":\"search_term_string\"}}],\"inLanguage\":\"ca\"},{\"@type\":\"Organization\",\"@id\":\"https:\/\/jabss.com\/ca\/#organization\",\"name\":\"Jabss Interiorisme i Mobiliari\",\"url\":\"https:\/\/jabss.com\/ca\/\",\"logo\":{\"@type\":\"ImageObject\",\"inLanguage\":\"ca\",\"@id\":\"https:\/\/jabss.com\/ca\/#\/schema\/logo\/image\/\",\"url\":\"https:\/\/jabss.com\/wp-content\/uploads\/2024\/07\/logo_jabss_tienda_muebles_interiorismo_manresa.jpg\",\"contentUrl\":\"https:\/\/jabss.com\/wp-content\/uploads\/2024\/07\/logo_jabss_tienda_muebles_interiorismo_manresa.jpg\",\"width\":512,\"height\":280,\"caption\":\"Jabss Interiorisme i Mobiliari\"},\"image\":{\"@id\":\"https:\/\/jabss.com\/ca\/#\/schema\/logo\/image\/\"},\"sameAs\":[\"https:\/\/www.facebook.com\/jabssmobiliari\/\"]}]}<\/script>\n<!-- \/ Yoast SEO plugin. -->","yoast_head_json":{"title":"Glas Italia - Jabss Interiorisme i Mobiliari","description":"Disposem d'una \u00e0mplia selecci\u00f3 de productes de la marca Glas It\u00e0lia per a fer de la teva llar un lloc \u00fanic i personalitzat.","robots":{"index":"index","follow":"follow","max-snippet":"max-snippet:-1","max-image-preview":"max-image-preview:large","max-video-preview":"max-video-preview:-1"},"canonical":"https:\/\/jabss.com\/ca\/marques-generals\/glas-italia\/","og_locale":"ca_ES","og_type":"article","og_title":"Glas Italia - Jabss Interiorisme i Mobiliari","og_description":"Disposem d'una \u00e0mplia selecci\u00f3 de productes de la marca Glas It\u00e0lia per a fer de la teva llar un lloc \u00fanic i personalitzat.","og_url":"https:\/\/jabss.com\/ca\/marques-generals\/glas-italia\/","og_site_name":"Jabss Interiorisme i Mobiliari","article_publisher":"https:\/\/www.facebook.com\/jabssmobiliari\/","article_modified_time":"2024-05-09T12:03:19+00:00","og_image":[{"width":1000,"height":562,"url":"https:\/\/noselocuentesanadie.com\/jabss\/ca\/wp-content\/uploads\/2024\/05\/shutterstock_2264519361.jpg","type":"image\/jpeg"}],"twitter_card":"summary_large_image","schema":{"@context":"https:\/\/schema.org","@graph":[{"@type":"WebPage","@id":"https:\/\/jabss.com\/ca\/marques-generals\/glas-italia\/","url":"https:\/\/jabss.com\/ca\/marques-generals\/glas-italia\/","name":"Glas Italia - Jabss Interiorisme i Mobiliari","isPartOf":{"@id":"https:\/\/jabss.com\/ca\/#website"},"primaryImageOfPage":{"@id":"https:\/\/jabss.com\/ca\/marques-generals\/glas-italia\/#primaryimage"},"image":{"@id":"https:\/\/jabss.com\/ca\/marques-generals\/glas-italia\/#primaryimage"},"thumbnailUrl":"https:\/\/jabss.com\/wp-content\/uploads\/2024\/05\/shutterstock_2264519361.jpg","datePublished":"2024-05-09T08:10:27+00:00","dateModified":"2024-05-09T12:03:19+00:00","description":"Disposem d'una \u00e0mplia selecci\u00f3 de productes de la marca Glas It\u00e0lia per a fer de la teva llar un lloc \u00fanic i personalitzat.","breadcrumb":{"@id":"https:\/\/jabss.com\/ca\/marques-generals\/glas-italia\/#breadcrumb"},"inLanguage":"ca","potentialAction":[{"@type":"ReadAction","target":["https:\/\/jabss.com\/ca\/marques-generals\/glas-italia\/"]}]},{"@type":"ImageObject","inLanguage":"ca","@id":"https:\/\/jabss.com\/ca\/marques-generals\/glas-italia\/#primaryimage","url":"https:\/\/jabss.com\/wp-content\/uploads\/2024\/05\/shutterstock_2264519361.jpg","contentUrl":"https:\/\/jabss.com\/wp-content\/uploads\/2024\/05\/shutterstock_2264519361.jpg","width":1000,"height":562},{"@type":"BreadcrumbList","@id":"https:\/\/jabss.com\/ca\/marques-generals\/glas-italia\/#breadcrumb","itemListElement":[{"@type":"ListItem","position":1,"name":"Inicio","item":"https:\/\/jabss.com\/ca\/"},{"@type":"ListItem","position":2,"name":"Marques Generals","item":"https:\/\/noselocuentesanadie.com\/jabss\/marcas-generales\/"},{"@type":"ListItem","position":3,"name":"Glas Italia"}]},{"@type":"WebSite","@id":"https:\/\/jabss.com\/ca\/#website","url":"https:\/\/jabss.com\/ca\/","name":"Jabss Interiorisme i Mobiliari","description":"Muebles y Proyectos Interiorismo","publisher":{"@id":"https:\/\/jabss.com\/ca\/#organization"},"potentialAction":[{"@type":"SearchAction","target":{"@type":"EntryPoint","urlTemplate":"https:\/\/jabss.com\/ca\/?s={search_term_string}"},"query-input":{"@type":"PropertyValueSpecification","valueRequired":true,"valueName":"search_term_string"}}],"inLanguage":"ca"},{"@type":"Organization","@id":"https:\/\/jabss.com\/ca\/#organization","name":"Jabss Interiorisme i Mobiliari","url":"https:\/\/jabss.com\/ca\/","logo":{"@type":"ImageObject","inLanguage":"ca","@id":"https:\/\/jabss.com\/ca\/#\/schema\/logo\/image\/","url":"https:\/\/jabss.com\/wp-content\/uploads\/2024\/07\/logo_jabss_tienda_muebles_interiorismo_manresa.jpg","contentUrl":"https:\/\/jabss.com\/wp-content\/uploads\/2024\/07\/logo_jabss_tienda_muebles_interiorismo_manresa.jpg","width":512,"height":280,"caption":"Jabss Interiorisme i Mobiliari"},"image":{"@id":"https:\/\/jabss.com\/ca\/#\/schema\/logo\/image\/"},"sameAs":["https:\/\/www.facebook.com\/jabssmobiliari\/"]}]}},"_links":{"self":[{"href":"https:\/\/jabss.com\/ca\/wp-json\/wp\/v2\/pages\/6781","targetHints":{"allow":["GET"]}}],"collection":[{"href":"https:\/\/jabss.com\/ca\/wp-json\/wp\/v2\/pages"}],"about":[{"href":"https:\/\/jabss.com\/ca\/wp-json\/wp\/v2\/types\/page"}],"author":[{"embeddable":true,"href":"https:\/\/jabss.com\/ca\/wp-json\/wp\/v2\/users\/2"}],"replies":[{"embeddable":true,"href":"https:\/\/jabss.com\/ca\/wp-json\/wp\/v2\/comments?post=6781"}],"version-history":[{"count":1,"href":"https:\/\/jabss.com\/ca\/wp-json\/wp\/v2\/pages\/6781\/revisions"}],"predecessor-version":[{"id":6782,"href":"https:\/\/jabss.com\/ca\/wp-json\/wp\/v2\/pages\/6781\/revisions\/6782"}],"up":[{"embeddable":true,"href":"https:\/\/jabss.com\/ca\/wp-json\/wp\/v2\/pages\/6311"}],"wp:featuredmedia":[{"embeddable":true,"href":"https:\/\/jabss.com\/ca\/wp-json\/wp\/v2\/media\/6521"}],"wp:attachment":[{"href":"https:\/\/jabss.com\/ca\/wp-json\/wp\/v2\/media?parent=6781"}],"curies":[{"name":"wp","href":"https:\/\/api.w.org\/{rel}","templated":true}]}}