{"id":6818,"date":"2024-05-09T10:20:37","date_gmt":"2024-05-09T10:20:37","guid":{"rendered":"https:\/\/jabss.com\/marques-generals\/systemtronic\/"},"modified":"2024-06-26T15:13:18","modified_gmt":"2024-06-26T15:13:18","slug":"systemtronic","status":"publish","type":"page","link":"https:\/\/jabss.com\/ca\/marques-generals\/systemtronic\/","title":{"rendered":"Systemtronic"},"content":{"rendered":"\t\t<div data-elementor-type=\"wp-page\" data-elementor-id=\"6818\" class=\"elementor elementor-6818\" data-elementor-post-type=\"page\">\n\t\t\t\t<div class=\"elementor-element elementor-element-a65ad34 e-flex e-con-boxed qodef-elementor-content-no e-con e-parent\" data-id=\"a65ad34\" data-element_type=\"container\" data-settings=\"{&quot;background_background&quot;:&quot;classic&quot;}\">\n\t\t\t\t\t<div class=\"e-con-inner\">\n\t\t\t\t<div class=\"elementor-element elementor-element-c833d75 elementor-widget elementor-widget-spacer\" data-id=\"c833d75\" data-element_type=\"widget\" data-widget_type=\"spacer.default\">\n\t\t\t\t<div class=\"elementor-widget-container\">\n\t\t\t\t\t\t\t<div class=\"elementor-spacer\">\n\t\t\t<div class=\"elementor-spacer-inner\"><\/div>\n\t\t<\/div>\n\t\t\t\t\t\t<\/div>\n\t\t\t\t<\/div>\n\t\t\t\t\t<\/div>\n\t\t\t\t<\/div>\n\t\t<div class=\"elementor-element elementor-element-01100c5 e-flex e-con-boxed qodef-elementor-content-no e-con e-parent\" data-id=\"01100c5\" data-element_type=\"container\">\n\t\t\t\t\t<div class=\"e-con-inner\">\n\t\t\t\t<div class=\"elementor-element elementor-element-e251ce9 elementor-widget elementor-widget-spacer\" data-id=\"e251ce9\" data-element_type=\"widget\" data-widget_type=\"spacer.default\">\n\t\t\t\t<div class=\"elementor-widget-container\">\n\t\t\t\t\t\t\t<div class=\"elementor-spacer\">\n\t\t\t<div class=\"elementor-spacer-inner\"><\/div>\n\t\t<\/div>\n\t\t\t\t\t\t<\/div>\n\t\t\t\t<\/div>\n\t\t\t\t<div class=\"elementor-element elementor-element-0e0e7aa elementor-widget elementor-widget-image\" data-id=\"0e0e7aa\" data-element_type=\"widget\" data-widget_type=\"image.default\">\n\t\t\t\t<div class=\"elementor-widget-container\">\n\t\t\t\t\t\t\t\t\t\t\t\t\t\t\t<img decoding=\"async\" width=\"160\" height=\"60\" src=\"https:\/\/jabss.com\/wp-content\/uploads\/2024\/05\/systemtronic-logo-191107-arcit18.png\" class=\"attachment-medium size-medium wp-image-6529\" alt=\"\" \/>\t\t\t\t\t\t\t\t\t\t\t\t\t\t\t<\/div>\n\t\t\t\t<\/div>\n\t\t\t\t<div class=\"elementor-element elementor-element-71899d7 elementor-widget elementor-widget-html\" data-id=\"71899d7\" data-element_type=\"widget\" data-widget_type=\"html.default\">\n\t\t\t\t<div class=\"elementor-widget-container\">\n\t\t\t\t\t<iframe id=\"shrFrm\" src=\"#\" style=\"width: 100%; margin: 0; border: none; overflow: hidden;\"><\/iframe>\n<script src=\"https:\/\/vsr.architonic.com\/assets\/js\/shared\/jquery.responsiveiframe.js\"><\/script>\n<script type=\"text\/javascript\">jQuery(document).ready(function(){ var regex=new RegExp('[?&]shrPrm=([^&#]*)'); var res=regex.exec(window.location.href); var shrPrm=(res!=null?decodeURIComponent(res[1]):''); if(''!=shrPrm) document.getElementById('shrFrm').src='https:\/\/vsr.architonic.com\/'+shrPrm; else document.getElementById('shrFrm').src='https:\/\/vsr.architonic.com\/es\/8202414\/collections\/3103457\/1?PHPSESSID=1g6oveekttgkrlds2v5tm0gk90'; });(function(e){e(function(){e('#shrFrm').responsiveIframe()})})(jQuery);<\/script>\t\t\t\t<\/div>\n\t\t\t\t<\/div>\n\t\t\t\t\t<\/div>\n\t\t\t\t<\/div>\n\t\t\t\t<\/div>\n\t\t","protected":false},"excerpt":{"rendered":"","protected":false},"author":2,"featured_media":6521,"parent":6311,"menu_order":0,"comment_status":"closed","ping_status":"closed","template":"","meta":{"footnotes":""},"class_list":["post-6818","page","type-page","status-publish","has-post-thumbnail","hentry"],"yoast_head":"<!-- This site is optimized with the Yoast SEO plugin v26.1 - https:\/\/yoast.com\/wordpress\/plugins\/seo\/ -->\n<title>Systemtronic - Jabss Interiorisme i Mobiliari<\/title>\n<meta name=\"description\" content=\"Disposem d&#039;una \u00e0mplia selecci\u00f3 de productes de la marca Swedese per a fer de la teva llar un lloc \u00fanic i personalitzat.\" \/>\n<meta name=\"robots\" content=\"index, follow, max-snippet:-1, max-image-preview:large, max-video-preview:-1\" \/>\n<link rel=\"canonical\" href=\"https:\/\/jabss.com\/ca\/marques-generals\/systemtronic\/\" \/>\n<meta property=\"og:locale\" content=\"ca_ES\" \/>\n<meta property=\"og:type\" content=\"article\" \/>\n<meta property=\"og:title\" content=\"Systemtronic - Jabss Interiorisme i Mobiliari\" \/>\n<meta property=\"og:description\" content=\"Disposem d&#039;una \u00e0mplia selecci\u00f3 de productes de la marca Swedese per a fer de la teva llar un lloc \u00fanic i personalitzat.\" \/>\n<meta property=\"og:url\" content=\"https:\/\/jabss.com\/ca\/marques-generals\/systemtronic\/\" \/>\n<meta property=\"og:site_name\" content=\"Jabss Interiorisme i Mobiliari\" \/>\n<meta property=\"article:publisher\" content=\"https:\/\/www.facebook.com\/jabssmobiliari\/\" \/>\n<meta property=\"article:modified_time\" content=\"2024-06-26T15:13:18+00:00\" \/>\n<meta property=\"og:image\" content=\"https:\/\/jabss.com\/wp-content\/uploads\/2024\/05\/shutterstock_2264519361.jpg\" \/>\n\t<meta property=\"og:image:width\" content=\"1000\" \/>\n\t<meta property=\"og:image:height\" content=\"562\" \/>\n\t<meta property=\"og:image:type\" content=\"image\/jpeg\" \/>\n<meta name=\"twitter:card\" content=\"summary_large_image\" \/>\n<meta name=\"twitter:label1\" content=\"Temps estimat de lectura\" \/>\n\t<meta name=\"twitter:data1\" content=\"1 minut\" \/>\n<script type=\"application\/ld+json\" class=\"yoast-schema-graph\">{\"@context\":\"https:\/\/schema.org\",\"@graph\":[{\"@type\":\"WebPage\",\"@id\":\"https:\/\/jabss.com\/ca\/marques-generals\/systemtronic\/\",\"url\":\"https:\/\/jabss.com\/ca\/marques-generals\/systemtronic\/\",\"name\":\"Systemtronic - Jabss Interiorisme i Mobiliari\",\"isPartOf\":{\"@id\":\"https:\/\/jabss.com\/ca\/#website\"},\"primaryImageOfPage\":{\"@id\":\"https:\/\/jabss.com\/ca\/marques-generals\/systemtronic\/#primaryimage\"},\"image\":{\"@id\":\"https:\/\/jabss.com\/ca\/marques-generals\/systemtronic\/#primaryimage\"},\"thumbnailUrl\":\"https:\/\/jabss.com\/wp-content\/uploads\/2024\/05\/shutterstock_2264519361.jpg\",\"datePublished\":\"2024-05-09T10:20:37+00:00\",\"dateModified\":\"2024-06-26T15:13:18+00:00\",\"description\":\"Disposem d'una \u00e0mplia selecci\u00f3 de productes de la marca Swedese per a fer de la teva llar un lloc \u00fanic i personalitzat.\",\"breadcrumb\":{\"@id\":\"https:\/\/jabss.com\/ca\/marques-generals\/systemtronic\/#breadcrumb\"},\"inLanguage\":\"ca\",\"potentialAction\":[{\"@type\":\"ReadAction\",\"target\":[\"https:\/\/jabss.com\/ca\/marques-generals\/systemtronic\/\"]}]},{\"@type\":\"ImageObject\",\"inLanguage\":\"ca\",\"@id\":\"https:\/\/jabss.com\/ca\/marques-generals\/systemtronic\/#primaryimage\",\"url\":\"https:\/\/jabss.com\/wp-content\/uploads\/2024\/05\/shutterstock_2264519361.jpg\",\"contentUrl\":\"https:\/\/jabss.com\/wp-content\/uploads\/2024\/05\/shutterstock_2264519361.jpg\",\"width\":1000,\"height\":562},{\"@type\":\"BreadcrumbList\",\"@id\":\"https:\/\/jabss.com\/ca\/marques-generals\/systemtronic\/#breadcrumb\",\"itemListElement\":[{\"@type\":\"ListItem\",\"position\":1,\"name\":\"Inicio\",\"item\":\"https:\/\/jabss.com\/ca\/\"},{\"@type\":\"ListItem\",\"position\":2,\"name\":\"Marques Generals\",\"item\":\"https:\/\/noselocuentesanadie.com\/jabss\/marcas-generales\/\"},{\"@type\":\"ListItem\",\"position\":3,\"name\":\"Systemtronic\"}]},{\"@type\":\"WebSite\",\"@id\":\"https:\/\/jabss.com\/ca\/#website\",\"url\":\"https:\/\/jabss.com\/ca\/\",\"name\":\"Jabss Interiorisme i Mobiliari\",\"description\":\"Muebles y Proyectos Interiorismo\",\"publisher\":{\"@id\":\"https:\/\/jabss.com\/ca\/#organization\"},\"potentialAction\":[{\"@type\":\"SearchAction\",\"target\":{\"@type\":\"EntryPoint\",\"urlTemplate\":\"https:\/\/jabss.com\/ca\/?s={search_term_string}\"},\"query-input\":{\"@type\":\"PropertyValueSpecification\",\"valueRequired\":true,\"valueName\":\"search_term_string\"}}],\"inLanguage\":\"ca\"},{\"@type\":\"Organization\",\"@id\":\"https:\/\/jabss.com\/ca\/#organization\",\"name\":\"Jabss Interiorisme i Mobiliari\",\"url\":\"https:\/\/jabss.com\/ca\/\",\"logo\":{\"@type\":\"ImageObject\",\"inLanguage\":\"ca\",\"@id\":\"https:\/\/jabss.com\/ca\/#\/schema\/logo\/image\/\",\"url\":\"https:\/\/jabss.com\/wp-content\/uploads\/2024\/07\/logo_jabss_tienda_muebles_interiorismo_manresa.jpg\",\"contentUrl\":\"https:\/\/jabss.com\/wp-content\/uploads\/2024\/07\/logo_jabss_tienda_muebles_interiorismo_manresa.jpg\",\"width\":512,\"height\":280,\"caption\":\"Jabss Interiorisme i Mobiliari\"},\"image\":{\"@id\":\"https:\/\/jabss.com\/ca\/#\/schema\/logo\/image\/\"},\"sameAs\":[\"https:\/\/www.facebook.com\/jabssmobiliari\/\"]}]}<\/script>\n<!-- \/ Yoast SEO plugin. -->","yoast_head_json":{"title":"Systemtronic - Jabss Interiorisme i Mobiliari","description":"Disposem d'una \u00e0mplia selecci\u00f3 de productes de la marca Swedese per a fer de la teva llar un lloc \u00fanic i personalitzat.","robots":{"index":"index","follow":"follow","max-snippet":"max-snippet:-1","max-image-preview":"max-image-preview:large","max-video-preview":"max-video-preview:-1"},"canonical":"https:\/\/jabss.com\/ca\/marques-generals\/systemtronic\/","og_locale":"ca_ES","og_type":"article","og_title":"Systemtronic - Jabss Interiorisme i Mobiliari","og_description":"Disposem d'una \u00e0mplia selecci\u00f3 de productes de la marca Swedese per a fer de la teva llar un lloc \u00fanic i personalitzat.","og_url":"https:\/\/jabss.com\/ca\/marques-generals\/systemtronic\/","og_site_name":"Jabss Interiorisme i Mobiliari","article_publisher":"https:\/\/www.facebook.com\/jabssmobiliari\/","article_modified_time":"2024-06-26T15:13:18+00:00","og_image":[{"width":1000,"height":562,"url":"https:\/\/jabss.com\/wp-content\/uploads\/2024\/05\/shutterstock_2264519361.jpg","type":"image\/jpeg"}],"twitter_card":"summary_large_image","twitter_misc":{"Temps estimat de lectura":"1 minut"},"schema":{"@context":"https:\/\/schema.org","@graph":[{"@type":"WebPage","@id":"https:\/\/jabss.com\/ca\/marques-generals\/systemtronic\/","url":"https:\/\/jabss.com\/ca\/marques-generals\/systemtronic\/","name":"Systemtronic - Jabss Interiorisme i Mobiliari","isPartOf":{"@id":"https:\/\/jabss.com\/ca\/#website"},"primaryImageOfPage":{"@id":"https:\/\/jabss.com\/ca\/marques-generals\/systemtronic\/#primaryimage"},"image":{"@id":"https:\/\/jabss.com\/ca\/marques-generals\/systemtronic\/#primaryimage"},"thumbnailUrl":"https:\/\/jabss.com\/wp-content\/uploads\/2024\/05\/shutterstock_2264519361.jpg","datePublished":"2024-05-09T10:20:37+00:00","dateModified":"2024-06-26T15:13:18+00:00","description":"Disposem d'una \u00e0mplia selecci\u00f3 de productes de la marca Swedese per a fer de la teva llar un lloc \u00fanic i personalitzat.","breadcrumb":{"@id":"https:\/\/jabss.com\/ca\/marques-generals\/systemtronic\/#breadcrumb"},"inLanguage":"ca","potentialAction":[{"@type":"ReadAction","target":["https:\/\/jabss.com\/ca\/marques-generals\/systemtronic\/"]}]},{"@type":"ImageObject","inLanguage":"ca","@id":"https:\/\/jabss.com\/ca\/marques-generals\/systemtronic\/#primaryimage","url":"https:\/\/jabss.com\/wp-content\/uploads\/2024\/05\/shutterstock_2264519361.jpg","contentUrl":"https:\/\/jabss.com\/wp-content\/uploads\/2024\/05\/shutterstock_2264519361.jpg","width":1000,"height":562},{"@type":"BreadcrumbList","@id":"https:\/\/jabss.com\/ca\/marques-generals\/systemtronic\/#breadcrumb","itemListElement":[{"@type":"ListItem","position":1,"name":"Inicio","item":"https:\/\/jabss.com\/ca\/"},{"@type":"ListItem","position":2,"name":"Marques Generals","item":"https:\/\/noselocuentesanadie.com\/jabss\/marcas-generales\/"},{"@type":"ListItem","position":3,"name":"Systemtronic"}]},{"@type":"WebSite","@id":"https:\/\/jabss.com\/ca\/#website","url":"https:\/\/jabss.com\/ca\/","name":"Jabss Interiorisme i Mobiliari","description":"Muebles y Proyectos Interiorismo","publisher":{"@id":"https:\/\/jabss.com\/ca\/#organization"},"potentialAction":[{"@type":"SearchAction","target":{"@type":"EntryPoint","urlTemplate":"https:\/\/jabss.com\/ca\/?s={search_term_string}"},"query-input":{"@type":"PropertyValueSpecification","valueRequired":true,"valueName":"search_term_string"}}],"inLanguage":"ca"},{"@type":"Organization","@id":"https:\/\/jabss.com\/ca\/#organization","name":"Jabss Interiorisme i Mobiliari","url":"https:\/\/jabss.com\/ca\/","logo":{"@type":"ImageObject","inLanguage":"ca","@id":"https:\/\/jabss.com\/ca\/#\/schema\/logo\/image\/","url":"https:\/\/jabss.com\/wp-content\/uploads\/2024\/07\/logo_jabss_tienda_muebles_interiorismo_manresa.jpg","contentUrl":"https:\/\/jabss.com\/wp-content\/uploads\/2024\/07\/logo_jabss_tienda_muebles_interiorismo_manresa.jpg","width":512,"height":280,"caption":"Jabss Interiorisme i Mobiliari"},"image":{"@id":"https:\/\/jabss.com\/ca\/#\/schema\/logo\/image\/"},"sameAs":["https:\/\/www.facebook.com\/jabssmobiliari\/"]}]}},"_links":{"self":[{"href":"https:\/\/jabss.com\/ca\/wp-json\/wp\/v2\/pages\/6818","targetHints":{"allow":["GET"]}}],"collection":[{"href":"https:\/\/jabss.com\/ca\/wp-json\/wp\/v2\/pages"}],"about":[{"href":"https:\/\/jabss.com\/ca\/wp-json\/wp\/v2\/types\/page"}],"author":[{"embeddable":true,"href":"https:\/\/jabss.com\/ca\/wp-json\/wp\/v2\/users\/2"}],"replies":[{"embeddable":true,"href":"https:\/\/jabss.com\/ca\/wp-json\/wp\/v2\/comments?post=6818"}],"version-history":[{"count":4,"href":"https:\/\/jabss.com\/ca\/wp-json\/wp\/v2\/pages\/6818\/revisions"}],"predecessor-version":[{"id":9331,"href":"https:\/\/jabss.com\/ca\/wp-json\/wp\/v2\/pages\/6818\/revisions\/9331"}],"up":[{"embeddable":true,"href":"https:\/\/jabss.com\/ca\/wp-json\/wp\/v2\/pages\/6311"}],"wp:featuredmedia":[{"embeddable":true,"href":"https:\/\/jabss.com\/ca\/wp-json\/wp\/v2\/media\/6521"}],"wp:attachment":[{"href":"https:\/\/jabss.com\/ca\/wp-json\/wp\/v2\/media?parent=6818"}],"curies":[{"name":"wp","href":"https:\/\/api.w.org\/{rel}","templated":true}]}}